{"id":47,"date":"2019-11-26T23:00:58","date_gmt":"2019-11-26T22:00:58","guid":{"rendered":"http:\/\/www.club-canin.ch\/?page_id=32"},"modified":"2023-11-24T11:28:56","modified_gmt":"2023-11-24T10:28:56","slug":"tarifs","status":"publish","type":"page","link":"https:\/\/club-canin.ch\/index.php\/tarifs\/","title":{"rendered":"Tarifs"},"content":{"rendered":"\n<p><strong>Membre du Club<\/strong><\/p>\n\n\n\n<ul class=\"wp-block-list\"><li>Finance d&#8217;entr\u00e9e :&nbsp;<strong>50.-<\/strong><\/li><li>Cotisation annuelle (ann\u00e9e civile) :&nbsp;<strong>120.- &nbsp;<\/strong>\/ d\u00e8s ao\u00fbt<strong>&nbsp;60.-<\/strong><\/li><\/ul>\n\n\n\n<p><em>La finance d&#8217;entr\u00e9e et\/ou la cotisation doivent \u00eatre pay\u00e9es\u00a0avant le 1er cours\u00a0(ou avoir une preuve du paiement).<\/em><\/p>\n\n\n\n<p>Les membres jouissent de la gratuit\u00e9 des cours d&#8217;\u00e9ducation hebdomadaires (d\u00e9butants ou avanc\u00e9s) ainsi que des prix r\u00e9duits sur les cours \u00e0 la carte<em>.<\/em><\/p>\n\n\n\n<p><em>Les tarifs sont indicatifs et peuvent \u00eatre adapt\u00e9s en fonction des cours. En cas de modification, vous en serez inform\u00e9.<\/em><\/p>\n","protected":false},"excerpt":{"rendered":"<p>Membre du Club Finance d&#8217;entr\u00e9e :&nbsp;50.- Cotisation annuelle (ann\u00e9e civile) :&nbsp;120.- &nbsp;\/ d\u00e8s ao\u00fbt&nbsp;60.- La finance d&#8217;entr\u00e9e et\/ou la cotisation doivent \u00eatre pay\u00e9es\u00a0avant le 1er cours\u00a0(ou avoir une preuve du paiement). Les membres jouissent de la gratuit\u00e9 des cours d&#8217;\u00e9ducation hebdomadaires (d\u00e9butants ou avanc\u00e9s) ainsi que des prix r\u00e9duits sur les cours \u00e0 la carte.&hellip;&nbsp;<a href=\"https:\/\/club-canin.ch\/index.php\/tarifs\/\" class=\"\" rel=\"bookmark\">Lire la suite &raquo;<span class=\"screen-reader-text\">Tarifs<\/span><\/a><\/p>\n","protected":false},"author":1,"featured_media":0,"parent":0,"menu_order":0,"comment_status":"closed","ping_status":"closed","template":"","meta":{"neve_meta_sidebar":"","neve_meta_container":"","neve_meta_enable_content_width":"","neve_meta_content_width":0,"neve_meta_title_alignment":"","neve_meta_author_avatar":"","neve_post_elements_order":"","neve_meta_disable_header":"","neve_meta_disable_footer":"","neve_meta_disable_title":"","footnotes":""},"class_list":["post-47","page","type-page","status-publish","hentry"],"yoast_head":"<!-- This site is optimized with the Yoast SEO plugin v23.4 - https:\/\/yoast.com\/wordpress\/plugins\/seo\/ -->\n<title>Tarifs - CEC Tout&#039;\u00e0 Poils<\/title>\n<meta name=\"robots\" content=\"index, follow, max-snippet:-1, max-image-preview:large, max-video-preview:-1\" \/>\n<link rel=\"canonical\" href=\"https:\/\/club-canin.ch\/index.php\/tarifs\/\" \/>\n<meta property=\"og:locale\" content=\"fr_FR\" \/>\n<meta property=\"og:type\" content=\"article\" \/>\n<meta property=\"og:title\" content=\"Tarifs - CEC Tout&#039;\u00e0 Poils\" \/>\n<meta property=\"og:description\" content=\"Membre du Club Finance d&#8217;entr\u00e9e :&nbsp;50.- Cotisation annuelle (ann\u00e9e civile) :&nbsp;120.- &nbsp;\/ d\u00e8s ao\u00fbt&nbsp;60.- La finance d&#8217;entr\u00e9e et\/ou la cotisation doivent \u00eatre pay\u00e9es\u00a0avant le 1er cours\u00a0(ou avoir une preuve du paiement). Les membres jouissent de la gratuit\u00e9 des cours d&#8217;\u00e9ducation hebdomadaires (d\u00e9butants ou avanc\u00e9s) ainsi que des prix r\u00e9duits sur les cours \u00e0 la carte.&hellip;&nbsp;Lire la suite &raquo;Tarifs\" \/>\n<meta property=\"og:url\" content=\"https:\/\/club-canin.ch\/index.php\/tarifs\/\" \/>\n<meta property=\"og:site_name\" content=\"CEC Tout&#039;\u00e0 Poils\" \/>\n<meta property=\"article:publisher\" content=\"https:\/\/www.facebook.com\/toutapoils\" \/>\n<meta property=\"article:modified_time\" content=\"2023-11-24T10:28:56+00:00\" \/>\n<meta name=\"twitter:card\" content=\"summary_large_image\" \/>\n<script type=\"application\/ld+json\" class=\"yoast-schema-graph\">{\"@context\":\"https:\/\/schema.org\",\"@graph\":[{\"@type\":\"WebPage\",\"@id\":\"https:\/\/club-canin.ch\/index.php\/tarifs\/\",\"url\":\"https:\/\/club-canin.ch\/index.php\/tarifs\/\",\"name\":\"Tarifs - CEC Tout&#039;\u00e0 Poils\",\"isPartOf\":{\"@id\":\"https:\/\/club-canin.ch\/#website\"},\"datePublished\":\"2019-11-26T22:00:58+00:00\",\"dateModified\":\"2023-11-24T10:28:56+00:00\",\"breadcrumb\":{\"@id\":\"https:\/\/club-canin.ch\/index.php\/tarifs\/#breadcrumb\"},\"inLanguage\":\"fr-FR\",\"potentialAction\":[{\"@type\":\"ReadAction\",\"target\":[\"https:\/\/club-canin.ch\/index.php\/tarifs\/\"]}]},{\"@type\":\"BreadcrumbList\",\"@id\":\"https:\/\/club-canin.ch\/index.php\/tarifs\/#breadcrumb\",\"itemListElement\":[{\"@type\":\"ListItem\",\"position\":1,\"name\":\"Accueil\",\"item\":\"https:\/\/club-canin.ch\/\"},{\"@type\":\"ListItem\",\"position\":2,\"name\":\"Tarifs\"}]},{\"@type\":\"WebSite\",\"@id\":\"https:\/\/club-canin.ch\/#website\",\"url\":\"https:\/\/club-canin.ch\/\",\"name\":\"CEC Tout&#039;\u00e0 Poils\",\"description\":\"Club canin valaisan !\",\"publisher\":{\"@id\":\"https:\/\/club-canin.ch\/#organization\"},\"potentialAction\":[{\"@type\":\"SearchAction\",\"target\":{\"@type\":\"EntryPoint\",\"urlTemplate\":\"https:\/\/club-canin.ch\/?s={search_term_string}\"},\"query-input\":{\"@type\":\"PropertyValueSpecification\",\"valueRequired\":true,\"valueName\":\"search_term_string\"}}],\"inLanguage\":\"fr-FR\"},{\"@type\":\"Organization\",\"@id\":\"https:\/\/club-canin.ch\/#organization\",\"name\":\"Club canin Tout'\u00e0 Poils\",\"url\":\"https:\/\/club-canin.ch\/\",\"logo\":{\"@type\":\"ImageObject\",\"inLanguage\":\"fr-FR\",\"@id\":\"https:\/\/club-canin.ch\/#\/schema\/logo\/image\/\",\"url\":\"https:\/\/club-canin.ch\/wp-content\/uploads\/2022\/10\/logo-1200.png\",\"contentUrl\":\"https:\/\/club-canin.ch\/wp-content\/uploads\/2022\/10\/logo-1200.png\",\"width\":1200,\"height\":802,\"caption\":\"Club canin Tout'\u00e0 Poils\"},\"image\":{\"@id\":\"https:\/\/club-canin.ch\/#\/schema\/logo\/image\/\"},\"sameAs\":[\"https:\/\/www.facebook.com\/toutapoils\"]}]}<\/script>\n<!-- \/ Yoast SEO plugin. -->","yoast_head_json":{"title":"Tarifs - CEC Tout&#039;\u00e0 Poils","robots":{"index":"index","follow":"follow","max-snippet":"max-snippet:-1","max-image-preview":"max-image-preview:large","max-video-preview":"max-video-preview:-1"},"canonical":"https:\/\/club-canin.ch\/index.php\/tarifs\/","og_locale":"fr_FR","og_type":"article","og_title":"Tarifs - CEC Tout&#039;\u00e0 Poils","og_description":"Membre du Club Finance d&#8217;entr\u00e9e :&nbsp;50.- Cotisation annuelle (ann\u00e9e civile) :&nbsp;120.- &nbsp;\/ d\u00e8s ao\u00fbt&nbsp;60.- La finance d&#8217;entr\u00e9e et\/ou la cotisation doivent \u00eatre pay\u00e9es\u00a0avant le 1er cours\u00a0(ou avoir une preuve du paiement). Les membres jouissent de la gratuit\u00e9 des cours d&#8217;\u00e9ducation hebdomadaires (d\u00e9butants ou avanc\u00e9s) ainsi que des prix r\u00e9duits sur les cours \u00e0 la carte.&hellip;&nbsp;Lire la suite &raquo;Tarifs","og_url":"https:\/\/club-canin.ch\/index.php\/tarifs\/","og_site_name":"CEC Tout&#039;\u00e0 Poils","article_publisher":"https:\/\/www.facebook.com\/toutapoils","article_modified_time":"2023-11-24T10:28:56+00:00","twitter_card":"summary_large_image","schema":{"@context":"https:\/\/schema.org","@graph":[{"@type":"WebPage","@id":"https:\/\/club-canin.ch\/index.php\/tarifs\/","url":"https:\/\/club-canin.ch\/index.php\/tarifs\/","name":"Tarifs - CEC Tout&#039;\u00e0 Poils","isPartOf":{"@id":"https:\/\/club-canin.ch\/#website"},"datePublished":"2019-11-26T22:00:58+00:00","dateModified":"2023-11-24T10:28:56+00:00","breadcrumb":{"@id":"https:\/\/club-canin.ch\/index.php\/tarifs\/#breadcrumb"},"inLanguage":"fr-FR","potentialAction":[{"@type":"ReadAction","target":["https:\/\/club-canin.ch\/index.php\/tarifs\/"]}]},{"@type":"BreadcrumbList","@id":"https:\/\/club-canin.ch\/index.php\/tarifs\/#breadcrumb","itemListElement":[{"@type":"ListItem","position":1,"name":"Accueil","item":"https:\/\/club-canin.ch\/"},{"@type":"ListItem","position":2,"name":"Tarifs"}]},{"@type":"WebSite","@id":"https:\/\/club-canin.ch\/#website","url":"https:\/\/club-canin.ch\/","name":"CEC Tout&#039;\u00e0 Poils","description":"Club canin valaisan !","publisher":{"@id":"https:\/\/club-canin.ch\/#organization"},"potentialAction":[{"@type":"SearchAction","target":{"@type":"EntryPoint","urlTemplate":"https:\/\/club-canin.ch\/?s={search_term_string}"},"query-input":{"@type":"PropertyValueSpecification","valueRequired":true,"valueName":"search_term_string"}}],"inLanguage":"fr-FR"},{"@type":"Organization","@id":"https:\/\/club-canin.ch\/#organization","name":"Club canin Tout'\u00e0 Poils","url":"https:\/\/club-canin.ch\/","logo":{"@type":"ImageObject","inLanguage":"fr-FR","@id":"https:\/\/club-canin.ch\/#\/schema\/logo\/image\/","url":"https:\/\/club-canin.ch\/wp-content\/uploads\/2022\/10\/logo-1200.png","contentUrl":"https:\/\/club-canin.ch\/wp-content\/uploads\/2022\/10\/logo-1200.png","width":1200,"height":802,"caption":"Club canin Tout'\u00e0 Poils"},"image":{"@id":"https:\/\/club-canin.ch\/#\/schema\/logo\/image\/"},"sameAs":["https:\/\/www.facebook.com\/toutapoils"]}]}},"jetpack_sharing_enabled":true,"_links":{"self":[{"href":"https:\/\/club-canin.ch\/index.php\/wp-json\/wp\/v2\/pages\/47","targetHints":{"allow":["GET"]}}],"collection":[{"href":"https:\/\/club-canin.ch\/index.php\/wp-json\/wp\/v2\/pages"}],"about":[{"href":"https:\/\/club-canin.ch\/index.php\/wp-json\/wp\/v2\/types\/page"}],"author":[{"embeddable":true,"href":"https:\/\/club-canin.ch\/index.php\/wp-json\/wp\/v2\/users\/1"}],"replies":[{"embeddable":true,"href":"https:\/\/club-canin.ch\/index.php\/wp-json\/wp\/v2\/comments?post=47"}],"version-history":[{"count":1,"href":"https:\/\/club-canin.ch\/index.php\/wp-json\/wp\/v2\/pages\/47\/revisions"}],"predecessor-version":[{"id":5448,"href":"https:\/\/club-canin.ch\/index.php\/wp-json\/wp\/v2\/pages\/47\/revisions\/5448"}],"wp:attachment":[{"href":"https:\/\/club-canin.ch\/index.php\/wp-json\/wp\/v2\/media?parent=47"}],"curies":[{"name":"wp","href":"https:\/\/api.w.org\/{rel}","templated":true}]}}