{"id":4610,"date":"2022-10-10T12:55:58","date_gmt":"2022-10-10T10:55:58","guid":{"rendered":"https:\/\/club-canin.ch\/?page_id=4610"},"modified":"2023-08-16T11:45:17","modified_gmt":"2023-08-16T09:45:17","slug":"go","status":"publish","type":"page","link":"https:\/\/club-canin.ch\/index.php\/go\/","title":{"rendered":"GO"},"content":{"rendered":"\n<p class=\"has-medium-font-size\"><strong>R\u00e9sum\u00e9 du concours<\/strong><\/p>\n\n\n\n<p><strong>Epreuves<\/strong> : Open, Officielle, Jumping<br><strong>Cat\u00e9gories<\/strong> : D\u00e9butant (SMALL, MEDIUM, LARGE), Avanc\u00e9 (SMALL, MEDIUM, LARGE), Senior (MINI, MAXI)<br><strong>Prix<\/strong> : 25.- \/ paiement par avance, 30.- \/ paiement sur place<br><strong>Horaire <\/strong>: 07h30 : Prise des dossards<br><strong>Repas sur inscription&nbsp;<\/strong>: Hot-Dog \u00e0 l\u2019Am\u00e9ricaine avec salade : 10.-<br><strong>D\u00e9lai d&#8217;inscription<\/strong> : 27 ao\u00fbt 2023<\/p>\n\n\n\n<p class=\"has-medium-font-size\"><strong>R\u00e9sum\u00e9 de l&#8217;organisation<\/strong><\/p>\n\n\n\n<p>Prix souvenir : Vin rouge<br>Prix pour les gagnants (24 par \u00e9preuve) : Open&nbsp;= Jouets, Jumping&nbsp;= sac Wouaf de toi (gourmandises) Officielle&nbsp;= Royal Canin<\/p>\n\n\n\n<p class=\"has-medium-font-size\"><strong>Liste actuelle des b\u00e9n\u00e9voles<\/strong><\/p>\n\n\n<h2 id=\"tablepress-5-name\" class=\"tablepress-table-name tablepress-table-name-id-5\">Liste des b\u00e9n\u00e9voles<\/h2>\n\n<table id=\"tablepress-5\" class=\"tablepress tablepress-id-5\" aria-labelledby=\"tablepress-5-name\">\n<thead>\n<tr class=\"row-1 odd\">\n\t<th class=\"column-1\">Nom, Pr\u00e9nom<\/th><th class=\"column-2\">Postes<\/th><th class=\"column-3\">Pr\u00e9sent le samedi<\/th>\n<\/tr>\n<\/thead>\n<tbody class=\"row-hover\">\n<tr class=\"row-2 even\">\n\t<td class=\"column-1\">Maman Andrina<\/td><td class=\"column-2\">Cantine<\/td><td class=\"column-3\">Non<\/td>\n<\/tr>\n<tr class=\"row-3 odd\">\n\t<td class=\"column-1\">Vidhya<\/td><td class=\"column-2\">Cantine<\/td><td class=\"column-3\">Non<\/td>\n<\/tr>\n<tr class=\"row-4 even\">\n\t<td class=\"column-1\">D\u00e9l\u00e8ze<\/td><td class=\"column-2\">Caisse<\/td><td class=\"column-3\">Non<\/td>\n<\/tr>\n<tr class=\"row-5 odd\">\n\t<td class=\"column-1\">D\u00e9l\u00e8ze<\/td><td class=\"column-2\">Caisse<\/td><td class=\"column-3\">Non<\/td>\n<\/tr>\n<tr class=\"row-6 even\">\n\t<td class=\"column-1\">Doris<\/td><td class=\"column-2\">Chrono<\/td><td class=\"column-3\">Oui<\/td>\n<\/tr>\n<tr class=\"row-7 odd\">\n\t<td class=\"column-1\">Andrina<\/td><td class=\"column-2\">Secr\u00e9taire du juge et appel<\/td><td class=\"column-3\">Oui<\/td>\n<\/tr>\n<tr class=\"row-8 even\">\n\t<td class=\"column-1\">St\u00e9phane<\/td><td class=\"column-2\">Terrain<\/td><td class=\"column-3\">Non<\/td>\n<\/tr>\n<tr class=\"row-9 odd\">\n\t<td class=\"column-1\">Fran\u00e7ois<\/td><td class=\"column-2\">Juge<\/td><td class=\"column-3\">Oui<\/td>\n<\/tr>\n<tr class=\"row-10 even\">\n\t<td class=\"column-1\">Samuel<\/td><td class=\"column-2\">Secr\u00e9tariat<\/td><td class=\"column-3\">Oui<\/td>\n<\/tr>\n<tr class=\"row-11 odd\">\n\t<td class=\"column-1\">C\u00e9dine<\/td><td class=\"column-2\">Volante<\/td><td class=\"column-3\">Oui<\/td>\n<\/tr>\n<tr class=\"row-12 even\">\n\t<td class=\"column-1\">Jean-Gabriel<\/td><td class=\"column-2\">Terrain<\/td><td class=\"column-3\">Oui<\/td>\n<\/tr>\n<tr class=\"row-13 odd\">\n\t<td class=\"column-1\">Marcel<\/td><td class=\"column-2\">Terrain<\/td><td class=\"column-3\">Oui<\/td>\n<\/tr>\n<tr class=\"row-14 even\">\n\t<td class=\"column-1\">Pascal<\/td><td class=\"column-2\">Terrain<\/td><td class=\"column-3\">Non<\/td>\n<\/tr>\n<tr class=\"row-15 odd\">\n\t<td class=\"column-1\">Sylvie<\/td><td class=\"column-2\">Terrain<\/td><td class=\"column-3\">Oui<\/td>\n<\/tr>\n<tr class=\"row-16 even\">\n\t<td class=\"column-1\">Nora<\/td><td class=\"column-2\">Cantine<\/td><td class=\"column-3\">Oui<\/td>\n<\/tr>\n<tr class=\"row-17 odd\">\n\t<td class=\"column-1\">Philippe<\/td><td class=\"column-2\">Terrain<\/td><td class=\"column-3\">?<\/td>\n<\/tr>\n<\/tbody>\n<\/table>\n<!-- #tablepress-5 from cache -->\n\n\n<p class=\"has-medium-font-size\"><strong>Gestion de la cantine<\/strong><\/p>\n\n\n<h2 id=\"tablepress-1-name\" class=\"tablepress-table-name tablepress-table-name-id-1\">Liste des t\u00e2ches commune<\/h2>\n\n<table id=\"tablepress-1\" class=\"tablepress tablepress-id-1\" aria-labelledby=\"tablepress-1-name\">\n<thead>\n<tr class=\"row-1 odd\">\n\t<th class=\"column-1\">Description<\/th><th class=\"column-2\">Responsable<\/th><th class=\"column-3\">R\u00e9alis\u00e9 ?<\/th>\n<\/tr>\n<\/thead>\n<tbody class=\"row-hover\">\n<tr class=\"row-2 even\">\n\t<td class=\"column-1\">Salade verte<\/td><td class=\"column-2\">Sam<\/td><td class=\"column-3\"><\/td>\n<\/tr>\n<tr class=\"row-3 odd\">\n\t<td class=\"column-1\">Salade ma\u00ees<\/td><td class=\"column-2\">Sam<\/td><td class=\"column-3\"><\/td>\n<\/tr>\n<tr class=\"row-4 even\">\n\t<td class=\"column-1\">Salade de haricots<\/td><td class=\"column-2\">Sam<\/td><td class=\"column-3\"><\/td>\n<\/tr>\n<tr class=\"row-5 odd\">\n\t<td class=\"column-1\">Salade de p\u00e2tes<\/td><td class=\"column-2\">Sam<\/td><td class=\"column-3\"><\/td>\n<\/tr>\n<tr class=\"row-6 even\">\n\t<td class=\"column-1\">Desserts<\/td><td class=\"column-2\">Danielle Baud<\/td><td class=\"column-3\"><\/td>\n<\/tr>\n<tr class=\"row-7 odd\">\n\t<td class=\"column-1\">Dessert<\/td><td class=\"column-2\">Christine D\u00e9l\u00e8ze<\/td><td class=\"column-3\"><\/td>\n<\/tr>\n<tr class=\"row-8 even\">\n\t<td class=\"column-1\">Cake<\/td><td class=\"column-2\">Ir\u00e8ne Butor<\/td><td class=\"column-3\"><\/td>\n<\/tr>\n<\/tbody>\n<\/table>\n<!-- #tablepress-1 from cache -->\n\n<h2 id=\"tablepress-2-name\" class=\"tablepress-table-name tablepress-table-name-id-2\">Liste des t\u00e2ches Marcel<\/h2>\n\n<table id=\"tablepress-2\" class=\"tablepress tablepress-id-2\" aria-labelledby=\"tablepress-2-name\">\n<thead>\n<tr class=\"row-1 odd\">\n\t<th class=\"column-1\">Description<\/th><th class=\"column-2\">R\u00e9alis\u00e9 ?<\/th>\n<\/tr>\n<\/thead>\n<tbody class=\"row-hover\">\n<tr class=\"row-2 even\">\n\t<td class=\"column-1\">Contr\u00f4ler et mettre en place signalisation<\/td><td class=\"column-2\"><\/td>\n<\/tr>\n<tr class=\"row-3 odd\">\n\t<td class=\"column-1\">Triangle signal\u00e9tique &#8220;Manifestation&#8221;<\/td><td class=\"column-2\"><\/td>\n<\/tr>\n<tr class=\"row-4 even\">\n\t<td class=\"column-1\">Pavillon pour le juge<\/td><td class=\"column-2\"><\/td>\n<\/tr>\n<tr class=\"row-5 odd\">\n\t<td class=\"column-1\">Contr\u00f4ler les tables et bancs cantines<\/td><td class=\"column-2\"><\/td>\n<\/tr>\n<tr class=\"row-6 even\">\n\t<td class=\"column-1\">Parasols (4)<\/td><td class=\"column-2\"><\/td>\n<\/tr>\n<tr class=\"row-7 odd\">\n\t<td class=\"column-1\">Nettoyage WC<\/td><td class=\"column-2\"><\/td>\n<\/tr>\n<tr class=\"row-8 even\">\n\t<td class=\"column-1\">Sacs poubelles<\/td><td class=\"column-2\"><\/td>\n<\/tr>\n<tr class=\"row-9 odd\">\n\t<td class=\"column-1\">Cendriers (pas trop)<\/td><td class=\"column-2\"><\/td>\n<\/tr>\n<\/tbody>\n<\/table>\n<!-- #tablepress-2 from cache -->\n\n<h2 id=\"tablepress-3-name\" class=\"tablepress-table-name tablepress-table-name-id-3\">Liste des t\u00e2ches C\u00e9dine<\/h2>\n\n<table id=\"tablepress-3\" class=\"tablepress tablepress-id-3\" aria-labelledby=\"tablepress-3-name\">\n<thead>\n<tr class=\"row-1 odd\">\n\t<th class=\"column-1\">Description<\/th><th class=\"column-2\">R\u00e9alis\u00e9 ?<\/th>\n<\/tr>\n<\/thead>\n<tbody class=\"row-hover\">\n<tr class=\"row-2 even\">\n\t<td class=\"column-1\">Contr\u00f4le et achats du vin<\/td><td class=\"column-2\">Oui<\/td>\n<\/tr>\n<tr class=\"row-3 odd\">\n\t<td class=\"column-1\">Cadeau du juge<\/td><td class=\"column-2\">Oui<\/td>\n<\/tr>\n<tr class=\"row-4 even\">\n\t<td class=\"column-1\">Prix pour les gagnants<\/td><td class=\"column-2\">Oui<\/td>\n<\/tr>\n<tr class=\"row-5 odd\">\n\t<td class=\"column-1\">Dossards<\/td><td class=\"column-2\">Oui<\/td>\n<\/tr>\n<tr class=\"row-6 even\">\n\t<td class=\"column-1\">N\u00b0 d&#8217;obstacles<\/td><td class=\"column-2\">Oui<\/td>\n<\/tr>\n<tr class=\"row-7 odd\">\n\t<td class=\"column-1\"><\/td><td class=\"column-2\"><\/td>\n<\/tr>\n<tr class=\"row-8 even\">\n\t<td class=\"column-1\"><\/td><td class=\"column-2\"><\/td>\n<\/tr>\n<\/tbody>\n<\/table>\n<!-- #tablepress-3 from cache -->\n\n<h2 id=\"tablepress-4-name\" class=\"tablepress-table-name tablepress-table-name-id-4\">Liste des t\u00e2ches Sam<\/h2>\n\n<table id=\"tablepress-4\" class=\"tablepress tablepress-id-4\" aria-labelledby=\"tablepress-4-name\">\n<thead>\n<tr class=\"row-1 odd\">\n\t<th class=\"column-1\">Description<\/th><th class=\"column-2\">R\u00e9alis\u00e9 ?<\/th><th class=\"column-3\">Remarque<\/th>\n<\/tr>\n<\/thead>\n<tbody class=\"row-hover\">\n<tr class=\"row-2 even\">\n\t<td class=\"column-1\">Caisse \u00e0 monnaie<\/td><td class=\"column-2\">Oui<\/td><td class=\"column-3\"><\/td>\n<\/tr>\n<tr class=\"row-3 odd\">\n\t<td class=\"column-1\">Chauffe-eau<\/td><td class=\"column-2\">Oui<\/td><td class=\"column-3\"><\/td>\n<\/tr>\n<tr class=\"row-4 even\">\n\t<td class=\"column-1\">Couteaux \u00e0 gateau<\/td><td class=\"column-2\"><\/td><td class=\"column-3\"><\/td>\n<\/tr>\n<tr class=\"row-5 odd\">\n\t<td class=\"column-1\">Couteau \u00e0 pain<\/td><td class=\"column-2\"><\/td><td class=\"column-3\"><\/td>\n<\/tr>\n<tr class=\"row-6 even\">\n\t<td class=\"column-1\">Vaisselle r\u00e9utilisable<\/td><td class=\"column-2\"><\/td><td class=\"column-3\"><\/td>\n<\/tr>\n<tr class=\"row-7 odd\">\n\t<td class=\"column-1\">Sucre<\/td><td class=\"column-2\">Oui<\/td><td class=\"column-3\"><\/td>\n<\/tr>\n<tr class=\"row-8 even\">\n\t<td class=\"column-1\">Machine \u00e0 caf\u00e9<\/td><td class=\"column-2\">Oui<\/td><td class=\"column-3\"><\/td>\n<\/tr>\n<tr class=\"row-9 odd\">\n\t<td class=\"column-1\">Thermos<\/td><td class=\"column-2\">Oui<\/td><td class=\"column-3\"><\/td>\n<\/tr>\n<tr class=\"row-10 even\">\n\t<td class=\"column-1\">Beurre<\/td><td class=\"column-2\"><\/td><td class=\"column-3\"><\/td>\n<\/tr>\n<tr class=\"row-11 odd\">\n\t<td class=\"column-1\">Ciseau<\/td><td class=\"column-2\"><\/td><td class=\"column-3\"><\/td>\n<\/tr>\n<tr class=\"row-12 even\">\n\t<td class=\"column-1\">D\u00e9capsuleur<\/td><td class=\"column-2\">Oui<\/td><td class=\"column-3\"><\/td>\n<\/tr>\n<tr class=\"row-13 odd\">\n\t<td class=\"column-1\">Plateau pour le service<\/td><td class=\"column-2\">Oui<\/td><td class=\"column-3\"><\/td>\n<\/tr>\n<tr class=\"row-14 even\">\n\t<td class=\"column-1\">Tire-bouchon<\/td><td class=\"column-2\">Pas n\u00e9cessaire<\/td><td class=\"column-3\"><\/td>\n<\/tr>\n<tr class=\"row-15 odd\">\n\t<td class=\"column-1\">Papier m\u00e9nage<\/td><td class=\"column-2\">Oui<\/td><td class=\"column-3\"><\/td>\n<\/tr>\n<tr class=\"row-16 even\">\n\t<td class=\"column-1\">Pattes pour nettoyage<\/td><td class=\"column-2\">Oui<\/td><td class=\"column-3\"><\/td>\n<\/tr>\n<tr class=\"row-17 odd\">\n\t<td class=\"column-1\">Produit de nettoyage (vaisselle, d\u00e9graissant)<\/td><td class=\"column-2\">Oui<\/td><td class=\"column-3\"><\/td>\n<\/tr>\n<tr class=\"row-18 even\">\n\t<td class=\"column-1\">Bac \u00e0 salade<\/td><td class=\"column-2\">2x au terrain<\/td><td class=\"column-3\"><\/td>\n<\/tr>\n<tr class=\"row-19 odd\">\n\t<td class=\"column-1\">Services \u00e0 salades<\/td><td class=\"column-2\">2x au terrain<\/td><td class=\"column-3\"><\/td>\n<\/tr>\n<tr class=\"row-20 even\">\n\t<td class=\"column-1\">Ouvre-bo\u00eete<\/td><td class=\"column-2\">Oui<\/td><td class=\"column-3\"><\/td>\n<\/tr>\n<tr class=\"row-21 odd\">\n\t<td class=\"column-1\">Bo\u00eete de gants<\/td><td class=\"column-2\"><\/td><td class=\"column-3\"><\/td>\n<\/tr>\n<tr class=\"row-22 even\">\n\t<td class=\"column-1\">Linges<\/td><td class=\"column-2\"><\/td><td class=\"column-3\"><\/td>\n<\/tr>\n<tr class=\"row-23 odd\">\n\t<td class=\"column-1\">Tabliers<\/td><td class=\"column-2\"><\/td><td class=\"column-3\"><\/td>\n<\/tr>\n<tr class=\"row-24 even\">\n\t<td class=\"column-1\">Serviettes en papier<\/td><td class=\"column-2\">Oui<\/td><td class=\"column-3\"><\/td>\n<\/tr>\n<tr class=\"row-25 odd\">\n\t<td class=\"column-1\">Confiture<\/td><td class=\"column-2\"><\/td><td class=\"column-3\"><\/td>\n<\/tr>\n<tr class=\"row-26 even\">\n\t<td class=\"column-1\">Nutella<\/td><td class=\"column-2\">Oui<\/td><td class=\"column-3\"><\/td>\n<\/tr>\n<tr class=\"row-27 odd\">\n\t<td class=\"column-1\">Sono + micros<\/td><td class=\"column-2\">Oui<\/td><td class=\"column-3\"><\/td>\n<\/tr>\n<tr class=\"row-28 even\">\n\t<td class=\"column-1\">Prix souvenirs &#8220;\u00e9tiquette&#8221;<\/td><td class=\"column-2\">Oui<\/td><td class=\"column-3\"><\/td>\n<\/tr>\n<tr class=\"row-29 odd\">\n\t<td class=\"column-1\">Sauce \u00e0 salade<\/td><td class=\"column-2\">Manque la sauce fran\u00e7aise<br \/>\n<\/td><td class=\"column-3\"><\/td>\n<\/tr>\n<tr class=\"row-30 even\">\n\t<td class=\"column-1\">Fond de caisse (cantine + dossard)<\/td><td class=\"column-2\">Oui<\/td><td class=\"column-3\"><\/td>\n<\/tr>\n<tr class=\"row-31 odd\">\n\t<td class=\"column-1\">Liste de d\u00e9part<\/td><td class=\"column-2\">Oui<\/td><td class=\"column-3\"><\/td>\n<\/tr>\n<tr class=\"row-32 even\">\n\t<td class=\"column-1\">Affiche &#8220;Interdication de fumer&#8221;<\/td><td class=\"column-2\"><\/td><td class=\"column-3\"><\/td>\n<\/tr>\n<tr class=\"row-33 odd\">\n\t<td class=\"column-1\">Oignons (salade haricot)<\/td><td class=\"column-2\"><\/td><td class=\"column-3\"><\/td>\n<\/tr>\n<tr class=\"row-34 even\">\n\t<td class=\"column-1\">Bon cantine<\/td><td class=\"column-2\"><\/td><td class=\"column-3\"><\/td>\n<\/tr>\n<tr class=\"row-35 odd\">\n\t<td class=\"column-1\">Pain<br \/>\n<\/td><td class=\"column-2\"><\/td><td class=\"column-3\"><\/td>\n<\/tr>\n<tr class=\"row-36 even\">\n\t<td class=\"column-1\">Liste des prix<\/td><td class=\"column-2\"><\/td><td class=\"column-3\"><\/td>\n<\/tr>\n<tr class=\"row-37 odd\">\n\t<td class=\"column-1\">Patente<\/td><td class=\"column-2\">Oui<\/td><td class=\"column-3\"><\/td>\n<\/tr>\n<tr class=\"row-38 even\">\n\t<td class=\"column-1\">Bi\u00e8res<\/td><td class=\"column-2\">Oui<\/td><td class=\"column-3\"><\/td>\n<\/tr>\n<tr class=\"row-39 odd\">\n\t<td class=\"column-1\">Caf\u00e9<\/td><td class=\"column-2\">Oui<\/td><td class=\"column-3\"><\/td>\n<\/tr>\n<tr class=\"row-40 even\">\n\t<td class=\"column-1\">Stylos<\/td><td class=\"column-2\"><\/td><td class=\"column-3\"><\/td>\n<\/tr>\n<tr class=\"row-41 odd\">\n\t<td class=\"column-1\">Imprimante<\/td><td class=\"column-2\"><\/td><td class=\"column-3\"><\/td>\n<\/tr>\n<tr class=\"row-42 even\">\n\t<td class=\"column-1\">Papier imprimante<\/td><td class=\"column-2\"><\/td><td class=\"column-3\"><\/td>\n<\/tr>\n<tr class=\"row-43 odd\">\n\t<td class=\"column-1\">Ordinateur<\/td><td class=\"column-2\"><\/td><td class=\"column-3\"><\/td>\n<\/tr>\n<tr class=\"row-44 even\">\n\t<td class=\"column-1\">Coca<\/td><td class=\"column-2\">Oui<\/td><td class=\"column-3\"><\/td>\n<\/tr>\n<tr class=\"row-45 odd\">\n\t<td class=\"column-1\">Pavillon pour ost\u00e9opathe<\/td><td class=\"column-2\">Oui<\/td><td class=\"column-3\"><\/td>\n<\/tr>\n<tr class=\"row-46 even\">\n\t<td class=\"column-1\">Th\u00e9 froid citron<\/td><td class=\"column-2\">Oui<\/td><td class=\"column-3\"><\/td>\n<\/tr>\n<tr class=\"row-47 odd\">\n\t<td class=\"column-1\">Th\u00e9 froid p\u00e8che<\/td><td class=\"column-2\">Oui<\/td><td class=\"column-3\"><\/td>\n<\/tr>\n<tr class=\"row-48 even\">\n\t<td class=\"column-1\">Eau gazeuse<\/td><td class=\"column-2\">Oui<\/td><td class=\"column-3\"><\/td>\n<\/tr>\n<tr class=\"row-49 odd\">\n\t<td class=\"column-1\">Eau plate<\/td><td class=\"column-2\">Oui<\/td><td class=\"column-3\"><\/td>\n<\/tr>\n<tr class=\"row-50 even\">\n\t<td class=\"column-1\">Pharmacie<\/td><td class=\"column-2\"><\/td><td class=\"column-3\"><\/td>\n<\/tr>\n<tr class=\"row-51 odd\">\n\t<td class=\"column-1\">D\u00e9rouleur scotch<\/td><td class=\"column-2\"><\/td><td class=\"column-3\"><\/td>\n<\/tr>\n<tr class=\"row-52 even\">\n\t<td class=\"column-1\">Scotch<\/td><td class=\"column-2\"><\/td><td class=\"column-3\"><\/td>\n<\/tr>\n<tr class=\"row-53 odd\">\n\t<td class=\"column-1\">Chronom\u00e8tre (changer le piles)<\/td><td class=\"column-2\"><\/td><td class=\"column-3\"><\/td>\n<\/tr>\n<tr class=\"row-54 even\">\n\t<td class=\"column-1\">Sifflet<\/td><td class=\"column-2\">Pas n\u00e9cessaire<\/td><td class=\"column-3\"><\/td>\n<\/tr>\n<tr class=\"row-55 odd\">\n\t<td class=\"column-1\">Pain \u00e0 hot-dog<\/td><td class=\"column-2\">Oui<\/td><td class=\"column-3\"><\/td>\n<\/tr>\n<tr class=\"row-56 even\">\n\t<td class=\"column-1\">Saucisse hot-dog<\/td><td class=\"column-2\">Oui<\/td><td class=\"column-3\"><\/td>\n<\/tr>\n<tr class=\"row-57 odd\">\n\t<td class=\"column-1\">Mayonnaise<\/td><td class=\"column-2\">Prendre pot vide<\/td><td class=\"column-3\"><\/td>\n<\/tr>\n<tr class=\"row-58 even\">\n\t<td class=\"column-1\">Savon pour les mains<\/td><td class=\"column-2\">Oui<\/td><td class=\"column-3\"><\/td>\n<\/tr>\n<tr class=\"row-59 odd\">\n\t<td class=\"column-1\">Ketchup<\/td><td class=\"column-2\">Oui<\/td><td class=\"column-3\"><\/td>\n<\/tr>\n<tr class=\"row-60 even\">\n\t<td class=\"column-1\">Moutarde<\/td><td class=\"column-2\">Prendre pot vide<\/td><td class=\"column-3\"><\/td>\n<\/tr>\n<tr class=\"row-61 odd\">\n\t<td class=\"column-1\">Oignons confits<\/td><td class=\"column-2\"><\/td><td class=\"column-3\"><\/td>\n<\/tr>\n<tr class=\"row-62 even\">\n\t<td class=\"column-1\">Sauce barbecue<\/td><td class=\"column-2\">Oui<\/td><td class=\"column-3\"><\/td>\n<\/tr>\n<tr class=\"row-63 odd\">\n\t<td class=\"column-1\">Cheddar<\/td><td class=\"column-2\">Oui<\/td><td class=\"column-3\"><\/td>\n<\/tr>\n<\/tbody>\n<\/table>\n<!-- #tablepress-4 from cache -->\n\n\n<p class=\"has-medium-font-size\"><br><\/p>\n","protected":false},"excerpt":{"rendered":"<p>R\u00e9sum\u00e9 du concours Epreuves : Open, Officielle, JumpingCat\u00e9gories : D\u00e9butant (SMALL, MEDIUM, LARGE), Avanc\u00e9 (SMALL, MEDIUM, LARGE), Senior (MINI, MAXI)Prix : 25.- \/ paiement par avance, 30.- \/ paiement sur placeHoraire : 07h30 : Prise des dossardsRepas sur inscription&nbsp;: Hot-Dog \u00e0 l\u2019Am\u00e9ricaine avec salade : 10.-D\u00e9lai d&#8217;inscription : 27 ao\u00fbt 2023 R\u00e9sum\u00e9 de l&#8217;organisation Prix&hellip;&nbsp;<a href=\"https:\/\/club-canin.ch\/index.php\/go\/\" class=\"\" rel=\"bookmark\">Lire la suite &raquo;<span class=\"screen-reader-text\">GO<\/span><\/a><\/p>\n","protected":false},"author":1,"featured_media":0,"parent":0,"menu_order":0,"comment_status":"closed","ping_status":"closed","template":"","meta":{"neve_meta_sidebar":"","neve_meta_container":"","neve_meta_enable_content_width":"","neve_meta_content_width":0,"neve_meta_title_alignment":"","neve_meta_author_avatar":"","neve_post_elements_order":"","neve_meta_disable_header":"","neve_meta_disable_footer":"","neve_meta_disable_title":"","footnotes":""},"class_list":["post-4610","page","type-page","status-publish","hentry"],"yoast_head":"<!-- This site is optimized with the Yoast SEO plugin v23.4 - https:\/\/yoast.com\/wordpress\/plugins\/seo\/ -->\n<title>GO - CEC Tout&#039;\u00e0 Poils<\/title>\n<meta name=\"robots\" content=\"index, follow, max-snippet:-1, max-image-preview:large, max-video-preview:-1\" \/>\n<link rel=\"canonical\" href=\"https:\/\/club-canin.ch\/index.php\/go\/\" \/>\n<meta property=\"og:locale\" content=\"fr_FR\" \/>\n<meta property=\"og:type\" content=\"article\" \/>\n<meta property=\"og:title\" content=\"GO - CEC Tout&#039;\u00e0 Poils\" \/>\n<meta property=\"og:description\" content=\"R\u00e9sum\u00e9 du concours Epreuves : Open, Officielle, JumpingCat\u00e9gories : D\u00e9butant (SMALL, MEDIUM, LARGE), Avanc\u00e9 (SMALL, MEDIUM, LARGE), Senior (MINI, MAXI)Prix : 25.- \/ paiement par avance, 30.- \/ paiement sur placeHoraire : 07h30 : Prise des dossardsRepas sur inscription&nbsp;: Hot-Dog \u00e0 l\u2019Am\u00e9ricaine avec salade : 10.-D\u00e9lai d&#8217;inscription : 27 ao\u00fbt 2023 R\u00e9sum\u00e9 de l&#8217;organisation Prix&hellip;&nbsp;Lire la suite &raquo;GO\" \/>\n<meta property=\"og:url\" content=\"https:\/\/club-canin.ch\/index.php\/go\/\" \/>\n<meta property=\"og:site_name\" content=\"CEC Tout&#039;\u00e0 Poils\" \/>\n<meta property=\"article:publisher\" content=\"https:\/\/www.facebook.com\/toutapoils\" \/>\n<meta property=\"article:modified_time\" content=\"2023-08-16T09:45:17+00:00\" \/>\n<meta name=\"twitter:card\" content=\"summary_large_image\" \/>\n<script type=\"application\/ld+json\" class=\"yoast-schema-graph\">{\"@context\":\"https:\/\/schema.org\",\"@graph\":[{\"@type\":\"WebPage\",\"@id\":\"https:\/\/club-canin.ch\/index.php\/go\/\",\"url\":\"https:\/\/club-canin.ch\/index.php\/go\/\",\"name\":\"GO - CEC Tout&#039;\u00e0 Poils\",\"isPartOf\":{\"@id\":\"https:\/\/club-canin.ch\/#website\"},\"datePublished\":\"2022-10-10T10:55:58+00:00\",\"dateModified\":\"2023-08-16T09:45:17+00:00\",\"breadcrumb\":{\"@id\":\"https:\/\/club-canin.ch\/index.php\/go\/#breadcrumb\"},\"inLanguage\":\"fr-FR\",\"potentialAction\":[{\"@type\":\"ReadAction\",\"target\":[\"https:\/\/club-canin.ch\/index.php\/go\/\"]}]},{\"@type\":\"BreadcrumbList\",\"@id\":\"https:\/\/club-canin.ch\/index.php\/go\/#breadcrumb\",\"itemListElement\":[{\"@type\":\"ListItem\",\"position\":1,\"name\":\"Accueil\",\"item\":\"https:\/\/club-canin.ch\/\"},{\"@type\":\"ListItem\",\"position\":2,\"name\":\"GO\"}]},{\"@type\":\"WebSite\",\"@id\":\"https:\/\/club-canin.ch\/#website\",\"url\":\"https:\/\/club-canin.ch\/\",\"name\":\"CEC Tout&#039;\u00e0 Poils\",\"description\":\"Club canin valaisan !\",\"publisher\":{\"@id\":\"https:\/\/club-canin.ch\/#organization\"},\"potentialAction\":[{\"@type\":\"SearchAction\",\"target\":{\"@type\":\"EntryPoint\",\"urlTemplate\":\"https:\/\/club-canin.ch\/?s={search_term_string}\"},\"query-input\":{\"@type\":\"PropertyValueSpecification\",\"valueRequired\":true,\"valueName\":\"search_term_string\"}}],\"inLanguage\":\"fr-FR\"},{\"@type\":\"Organization\",\"@id\":\"https:\/\/club-canin.ch\/#organization\",\"name\":\"Club canin Tout'\u00e0 Poils\",\"url\":\"https:\/\/club-canin.ch\/\",\"logo\":{\"@type\":\"ImageObject\",\"inLanguage\":\"fr-FR\",\"@id\":\"https:\/\/club-canin.ch\/#\/schema\/logo\/image\/\",\"url\":\"https:\/\/club-canin.ch\/wp-content\/uploads\/2022\/10\/logo-1200.png\",\"contentUrl\":\"https:\/\/club-canin.ch\/wp-content\/uploads\/2022\/10\/logo-1200.png\",\"width\":1200,\"height\":802,\"caption\":\"Club canin Tout'\u00e0 Poils\"},\"image\":{\"@id\":\"https:\/\/club-canin.ch\/#\/schema\/logo\/image\/\"},\"sameAs\":[\"https:\/\/www.facebook.com\/toutapoils\"]}]}<\/script>\n<!-- \/ Yoast SEO plugin. -->","yoast_head_json":{"title":"GO - CEC Tout&#039;\u00e0 Poils","robots":{"index":"index","follow":"follow","max-snippet":"max-snippet:-1","max-image-preview":"max-image-preview:large","max-video-preview":"max-video-preview:-1"},"canonical":"https:\/\/club-canin.ch\/index.php\/go\/","og_locale":"fr_FR","og_type":"article","og_title":"GO - CEC Tout&#039;\u00e0 Poils","og_description":"R\u00e9sum\u00e9 du concours Epreuves : Open, Officielle, JumpingCat\u00e9gories : D\u00e9butant (SMALL, MEDIUM, LARGE), Avanc\u00e9 (SMALL, MEDIUM, LARGE), Senior (MINI, MAXI)Prix : 25.- \/ paiement par avance, 30.- \/ paiement sur placeHoraire : 07h30 : Prise des dossardsRepas sur inscription&nbsp;: Hot-Dog \u00e0 l\u2019Am\u00e9ricaine avec salade : 10.-D\u00e9lai d&#8217;inscription : 27 ao\u00fbt 2023 R\u00e9sum\u00e9 de l&#8217;organisation Prix&hellip;&nbsp;Lire la suite &raquo;GO","og_url":"https:\/\/club-canin.ch\/index.php\/go\/","og_site_name":"CEC Tout&#039;\u00e0 Poils","article_publisher":"https:\/\/www.facebook.com\/toutapoils","article_modified_time":"2023-08-16T09:45:17+00:00","twitter_card":"summary_large_image","schema":{"@context":"https:\/\/schema.org","@graph":[{"@type":"WebPage","@id":"https:\/\/club-canin.ch\/index.php\/go\/","url":"https:\/\/club-canin.ch\/index.php\/go\/","name":"GO - CEC Tout&#039;\u00e0 Poils","isPartOf":{"@id":"https:\/\/club-canin.ch\/#website"},"datePublished":"2022-10-10T10:55:58+00:00","dateModified":"2023-08-16T09:45:17+00:00","breadcrumb":{"@id":"https:\/\/club-canin.ch\/index.php\/go\/#breadcrumb"},"inLanguage":"fr-FR","potentialAction":[{"@type":"ReadAction","target":["https:\/\/club-canin.ch\/index.php\/go\/"]}]},{"@type":"BreadcrumbList","@id":"https:\/\/club-canin.ch\/index.php\/go\/#breadcrumb","itemListElement":[{"@type":"ListItem","position":1,"name":"Accueil","item":"https:\/\/club-canin.ch\/"},{"@type":"ListItem","position":2,"name":"GO"}]},{"@type":"WebSite","@id":"https:\/\/club-canin.ch\/#website","url":"https:\/\/club-canin.ch\/","name":"CEC Tout&#039;\u00e0 Poils","description":"Club canin valaisan !","publisher":{"@id":"https:\/\/club-canin.ch\/#organization"},"potentialAction":[{"@type":"SearchAction","target":{"@type":"EntryPoint","urlTemplate":"https:\/\/club-canin.ch\/?s={search_term_string}"},"query-input":{"@type":"PropertyValueSpecification","valueRequired":true,"valueName":"search_term_string"}}],"inLanguage":"fr-FR"},{"@type":"Organization","@id":"https:\/\/club-canin.ch\/#organization","name":"Club canin Tout'\u00e0 Poils","url":"https:\/\/club-canin.ch\/","logo":{"@type":"ImageObject","inLanguage":"fr-FR","@id":"https:\/\/club-canin.ch\/#\/schema\/logo\/image\/","url":"https:\/\/club-canin.ch\/wp-content\/uploads\/2022\/10\/logo-1200.png","contentUrl":"https:\/\/club-canin.ch\/wp-content\/uploads\/2022\/10\/logo-1200.png","width":1200,"height":802,"caption":"Club canin Tout'\u00e0 Poils"},"image":{"@id":"https:\/\/club-canin.ch\/#\/schema\/logo\/image\/"},"sameAs":["https:\/\/www.facebook.com\/toutapoils"]}]}},"jetpack_sharing_enabled":true,"_links":{"self":[{"href":"https:\/\/club-canin.ch\/index.php\/wp-json\/wp\/v2\/pages\/4610","targetHints":{"allow":["GET"]}}],"collection":[{"href":"https:\/\/club-canin.ch\/index.php\/wp-json\/wp\/v2\/pages"}],"about":[{"href":"https:\/\/club-canin.ch\/index.php\/wp-json\/wp\/v2\/types\/page"}],"author":[{"embeddable":true,"href":"https:\/\/club-canin.ch\/index.php\/wp-json\/wp\/v2\/users\/1"}],"replies":[{"embeddable":true,"href":"https:\/\/club-canin.ch\/index.php\/wp-json\/wp\/v2\/comments?post=4610"}],"version-history":[{"count":5,"href":"https:\/\/club-canin.ch\/index.php\/wp-json\/wp\/v2\/pages\/4610\/revisions"}],"predecessor-version":[{"id":5304,"href":"https:\/\/club-canin.ch\/index.php\/wp-json\/wp\/v2\/pages\/4610\/revisions\/5304"}],"wp:attachment":[{"href":"https:\/\/club-canin.ch\/index.php\/wp-json\/wp\/v2\/media?parent=4610"}],"curies":[{"name":"wp","href":"https:\/\/api.w.org\/{rel}","templated":true}]}}