{"id":46,"date":"2019-11-26T23:00:58","date_gmt":"2019-11-26T22:00:58","guid":{"rendered":"http:\/\/www.club-canin.ch\/?page_id=31"},"modified":"2024-09-01T11:36:14","modified_gmt":"2024-09-01T09:36:14","slug":"agility-2","status":"publish","type":"page","link":"https:\/\/club-canin.ch\/index.php\/agility-2\/","title":{"rendered":"Agility des Vendanges"},"content":{"rendered":"\n<p class=\"has-text-align-center\"><em>Le CEC Tout&#8217;\u00e0 Poils a le plaisir de vous inviter \u00e0 sa 30<sup>\u00e8me<\/sup>&nbsp;\u00e9dition du concours &#8220;Agility des Vendanges&#8221;.<\/em><\/p>\n\n\n\n<p><strong>De quoi s&#8217;agit-il ?<\/strong><\/p>\n\n\n\n<p>Il s&#8217;agit d&#8217;un concours ouvert \u00e0 toute personne licenci\u00e9e ou non. Les chiens doivent avoir 18 mois r\u00e9volus.<\/p>\n\n\n\n<p><strong>Date<\/strong><\/p>\n\n\n\n<p>Dimanche <strong>15 septembre&nbsp;2024<\/strong><\/p>\n\n\n\n<p><strong>Epreuves<\/strong><br>Open<br>Officielle<br>Jumping<\/p>\n\n\n\n<p><strong>Cat\u00e9gories<\/strong><br>D\u00e9butant [SMALL (&lt;35 cm), MEDIUM (35 \u00e0 &lt;43 cm) ou LARGE (&gt;=43 cm)]<br>Avanc\u00e9 [SMALL (&lt;35 cm), MEDIUM (35 \u00e0 &lt;43 cm) ou LARGE (&gt;=43 cm)]<br>Senior [MINI (&lt;35 cm) ou MAXI (&gt;=35 cm)<\/p>\n\n\n\n<p><strong>Prix<\/strong><br>25.- \/ paiement par avance<br>30.- \/ paiement sur place<\/p>\n\n\n\n<p><strong>Lieu<\/strong><br>Avenue des Vergers 70<br>1963 V\u00e9troz<\/p>\n\n\n\n<p><strong>Horaire approximatif<\/strong><br>07h30 :  Prise des dossards<br>08h00 : D\u00e9but du concours<br>d\u00e8s 11h30 : Ap\u00e9ro <br>d\u00e8s 12h00 : Repas <br>d\u00e8s 13h30 : Reprise du concours <br>d\u00e8s 16h00 : Remise des prix<\/p>\n\n\n\n<p><strong>Cantine (prix affich\u00e9s sur place)<br><\/strong>Diverses boissons<br>Desserts : A votre bon c\u0153ur !<\/p>\n\n\n\n<p><strong>Repas sur inscription <\/strong>: <br>Pasta (Penne) party ( 3 sauces ) : 10.-<\/p>\n\n\n\n<p><strong>Inscription<\/strong><br>Le concours est COMPLET<\/p>\n\n\n\n<p><strong>Divers<\/strong><\/p>\n\n\n\n<p>Amis, supporters, famille, vous \u00eates les bienvenus pour encourager nos concurrents.<\/p>\n\n\n\n<p>Nous recherchons \u00e9galement des&nbsp;<strong>b\u00e9n\u00e9voles<\/strong>&nbsp;pour nous aider durant cette journ\u00e9e ainsi que quelques&nbsp;<strong>mains habiles pour la confection de desserts.<\/strong><\/p>\n\n\n\n<p>Nous nous r\u00e9jouissons d\u00e9j\u00e0 de votre participation \u00e0 cette journ\u00e9e et esp\u00e9rons que vous vivrez un moment inoubliable avec votre compagnon \u00e0 quattre pattes.<\/p>\n","protected":false},"excerpt":{"rendered":"<p>Le CEC Tout&#8217;\u00e0 Poils a le plaisir de vous inviter \u00e0 sa 30\u00e8me&nbsp;\u00e9dition du concours &#8220;Agility des Vendanges&#8221;. De quoi s&#8217;agit-il ? Il s&#8217;agit d&#8217;un concours ouvert \u00e0 toute personne licenci\u00e9e ou non. Les chiens doivent avoir 18 mois r\u00e9volus. Date Dimanche 15 septembre&nbsp;2024 EpreuvesOpenOfficielleJumping Cat\u00e9goriesD\u00e9butant [SMALL (&lt;35 cm), MEDIUM (35 \u00e0 &lt;43 cm) ou&hellip;&nbsp;<a href=\"https:\/\/club-canin.ch\/index.php\/agility-2\/\" class=\"\" rel=\"bookmark\">Lire la suite &raquo;<span class=\"screen-reader-text\">Agility des Vendanges<\/span><\/a><\/p>\n","protected":false},"author":1,"featured_media":0,"parent":0,"menu_order":0,"comment_status":"closed","ping_status":"closed","template":"","meta":{"neve_meta_sidebar":"","neve_meta_container":"","neve_meta_enable_content_width":"","neve_meta_content_width":0,"neve_meta_title_alignment":"","neve_meta_author_avatar":"","neve_post_elements_order":"","neve_meta_disable_header":"","neve_meta_disable_footer":"","neve_meta_disable_title":"","footnotes":""},"class_list":["post-46","page","type-page","status-publish","hentry"],"yoast_head":"<!-- This site is optimized with the Yoast SEO plugin v23.4 - https:\/\/yoast.com\/wordpress\/plugins\/seo\/ -->\n<title>Agility des Vendanges - CEC Tout&#039;\u00e0 Poils<\/title>\n<meta name=\"robots\" content=\"index, follow, max-snippet:-1, max-image-preview:large, max-video-preview:-1\" \/>\n<link rel=\"canonical\" href=\"https:\/\/club-canin.ch\/index.php\/agility-2\/\" \/>\n<meta property=\"og:locale\" content=\"fr_FR\" \/>\n<meta property=\"og:type\" content=\"article\" \/>\n<meta property=\"og:title\" content=\"Agility des Vendanges - CEC Tout&#039;\u00e0 Poils\" \/>\n<meta property=\"og:description\" content=\"Le CEC Tout&#8217;\u00e0 Poils a le plaisir de vous inviter \u00e0 sa 30\u00e8me&nbsp;\u00e9dition du concours &#8220;Agility des Vendanges&#8221;. De quoi s&#8217;agit-il ? Il s&#8217;agit d&#8217;un concours ouvert \u00e0 toute personne licenci\u00e9e ou non. Les chiens doivent avoir 18 mois r\u00e9volus. Date Dimanche 15 septembre&nbsp;2024 EpreuvesOpenOfficielleJumping Cat\u00e9goriesD\u00e9butant [SMALL (&lt;35 cm), MEDIUM (35 \u00e0 &lt;43 cm) ou&hellip;&nbsp;Lire la suite &raquo;Agility des Vendanges\" \/>\n<meta property=\"og:url\" content=\"https:\/\/club-canin.ch\/index.php\/agility-2\/\" \/>\n<meta property=\"og:site_name\" content=\"CEC Tout&#039;\u00e0 Poils\" \/>\n<meta property=\"article:publisher\" content=\"https:\/\/www.facebook.com\/toutapoils\" \/>\n<meta property=\"article:modified_time\" content=\"2024-09-01T09:36:14+00:00\" \/>\n<meta name=\"twitter:card\" content=\"summary_large_image\" \/>\n<meta name=\"twitter:label1\" content=\"Dur\u00e9e de lecture estim\u00e9e\" \/>\n\t<meta name=\"twitter:data1\" content=\"2 minutes\" \/>\n<script type=\"application\/ld+json\" class=\"yoast-schema-graph\">{\"@context\":\"https:\/\/schema.org\",\"@graph\":[{\"@type\":\"WebPage\",\"@id\":\"https:\/\/club-canin.ch\/index.php\/agility-2\/\",\"url\":\"https:\/\/club-canin.ch\/index.php\/agility-2\/\",\"name\":\"Agility des Vendanges - CEC Tout&#039;\u00e0 Poils\",\"isPartOf\":{\"@id\":\"https:\/\/club-canin.ch\/#website\"},\"datePublished\":\"2019-11-26T22:00:58+00:00\",\"dateModified\":\"2024-09-01T09:36:14+00:00\",\"breadcrumb\":{\"@id\":\"https:\/\/club-canin.ch\/index.php\/agility-2\/#breadcrumb\"},\"inLanguage\":\"fr-FR\",\"potentialAction\":[{\"@type\":\"ReadAction\",\"target\":[\"https:\/\/club-canin.ch\/index.php\/agility-2\/\"]}]},{\"@type\":\"BreadcrumbList\",\"@id\":\"https:\/\/club-canin.ch\/index.php\/agility-2\/#breadcrumb\",\"itemListElement\":[{\"@type\":\"ListItem\",\"position\":1,\"name\":\"Accueil\",\"item\":\"https:\/\/club-canin.ch\/\"},{\"@type\":\"ListItem\",\"position\":2,\"name\":\"Agility des Vendanges\"}]},{\"@type\":\"WebSite\",\"@id\":\"https:\/\/club-canin.ch\/#website\",\"url\":\"https:\/\/club-canin.ch\/\",\"name\":\"CEC Tout&#039;\u00e0 Poils\",\"description\":\"Club canin valaisan !\",\"publisher\":{\"@id\":\"https:\/\/club-canin.ch\/#organization\"},\"potentialAction\":[{\"@type\":\"SearchAction\",\"target\":{\"@type\":\"EntryPoint\",\"urlTemplate\":\"https:\/\/club-canin.ch\/?s={search_term_string}\"},\"query-input\":{\"@type\":\"PropertyValueSpecification\",\"valueRequired\":true,\"valueName\":\"search_term_string\"}}],\"inLanguage\":\"fr-FR\"},{\"@type\":\"Organization\",\"@id\":\"https:\/\/club-canin.ch\/#organization\",\"name\":\"Club canin Tout'\u00e0 Poils\",\"url\":\"https:\/\/club-canin.ch\/\",\"logo\":{\"@type\":\"ImageObject\",\"inLanguage\":\"fr-FR\",\"@id\":\"https:\/\/club-canin.ch\/#\/schema\/logo\/image\/\",\"url\":\"https:\/\/club-canin.ch\/wp-content\/uploads\/2022\/10\/logo-1200.png\",\"contentUrl\":\"https:\/\/club-canin.ch\/wp-content\/uploads\/2022\/10\/logo-1200.png\",\"width\":1200,\"height\":802,\"caption\":\"Club canin Tout'\u00e0 Poils\"},\"image\":{\"@id\":\"https:\/\/club-canin.ch\/#\/schema\/logo\/image\/\"},\"sameAs\":[\"https:\/\/www.facebook.com\/toutapoils\"]}]}<\/script>\n<!-- \/ Yoast SEO plugin. -->","yoast_head_json":{"title":"Agility des Vendanges - CEC Tout&#039;\u00e0 Poils","robots":{"index":"index","follow":"follow","max-snippet":"max-snippet:-1","max-image-preview":"max-image-preview:large","max-video-preview":"max-video-preview:-1"},"canonical":"https:\/\/club-canin.ch\/index.php\/agility-2\/","og_locale":"fr_FR","og_type":"article","og_title":"Agility des Vendanges - CEC Tout&#039;\u00e0 Poils","og_description":"Le CEC Tout&#8217;\u00e0 Poils a le plaisir de vous inviter \u00e0 sa 30\u00e8me&nbsp;\u00e9dition du concours &#8220;Agility des Vendanges&#8221;. De quoi s&#8217;agit-il ? Il s&#8217;agit d&#8217;un concours ouvert \u00e0 toute personne licenci\u00e9e ou non. Les chiens doivent avoir 18 mois r\u00e9volus. Date Dimanche 15 septembre&nbsp;2024 EpreuvesOpenOfficielleJumping Cat\u00e9goriesD\u00e9butant [SMALL (&lt;35 cm), MEDIUM (35 \u00e0 &lt;43 cm) ou&hellip;&nbsp;Lire la suite &raquo;Agility des Vendanges","og_url":"https:\/\/club-canin.ch\/index.php\/agility-2\/","og_site_name":"CEC Tout&#039;\u00e0 Poils","article_publisher":"https:\/\/www.facebook.com\/toutapoils","article_modified_time":"2024-09-01T09:36:14+00:00","twitter_card":"summary_large_image","twitter_misc":{"Dur\u00e9e de lecture estim\u00e9e":"2 minutes"},"schema":{"@context":"https:\/\/schema.org","@graph":[{"@type":"WebPage","@id":"https:\/\/club-canin.ch\/index.php\/agility-2\/","url":"https:\/\/club-canin.ch\/index.php\/agility-2\/","name":"Agility des Vendanges - CEC Tout&#039;\u00e0 Poils","isPartOf":{"@id":"https:\/\/club-canin.ch\/#website"},"datePublished":"2019-11-26T22:00:58+00:00","dateModified":"2024-09-01T09:36:14+00:00","breadcrumb":{"@id":"https:\/\/club-canin.ch\/index.php\/agility-2\/#breadcrumb"},"inLanguage":"fr-FR","potentialAction":[{"@type":"ReadAction","target":["https:\/\/club-canin.ch\/index.php\/agility-2\/"]}]},{"@type":"BreadcrumbList","@id":"https:\/\/club-canin.ch\/index.php\/agility-2\/#breadcrumb","itemListElement":[{"@type":"ListItem","position":1,"name":"Accueil","item":"https:\/\/club-canin.ch\/"},{"@type":"ListItem","position":2,"name":"Agility des Vendanges"}]},{"@type":"WebSite","@id":"https:\/\/club-canin.ch\/#website","url":"https:\/\/club-canin.ch\/","name":"CEC Tout&#039;\u00e0 Poils","description":"Club canin valaisan !","publisher":{"@id":"https:\/\/club-canin.ch\/#organization"},"potentialAction":[{"@type":"SearchAction","target":{"@type":"EntryPoint","urlTemplate":"https:\/\/club-canin.ch\/?s={search_term_string}"},"query-input":{"@type":"PropertyValueSpecification","valueRequired":true,"valueName":"search_term_string"}}],"inLanguage":"fr-FR"},{"@type":"Organization","@id":"https:\/\/club-canin.ch\/#organization","name":"Club canin Tout'\u00e0 Poils","url":"https:\/\/club-canin.ch\/","logo":{"@type":"ImageObject","inLanguage":"fr-FR","@id":"https:\/\/club-canin.ch\/#\/schema\/logo\/image\/","url":"https:\/\/club-canin.ch\/wp-content\/uploads\/2022\/10\/logo-1200.png","contentUrl":"https:\/\/club-canin.ch\/wp-content\/uploads\/2022\/10\/logo-1200.png","width":1200,"height":802,"caption":"Club canin Tout'\u00e0 Poils"},"image":{"@id":"https:\/\/club-canin.ch\/#\/schema\/logo\/image\/"},"sameAs":["https:\/\/www.facebook.com\/toutapoils"]}]}},"jetpack_sharing_enabled":true,"_links":{"self":[{"href":"https:\/\/club-canin.ch\/index.php\/wp-json\/wp\/v2\/pages\/46","targetHints":{"allow":["GET"]}}],"collection":[{"href":"https:\/\/club-canin.ch\/index.php\/wp-json\/wp\/v2\/pages"}],"about":[{"href":"https:\/\/club-canin.ch\/index.php\/wp-json\/wp\/v2\/types\/page"}],"author":[{"embeddable":true,"href":"https:\/\/club-canin.ch\/index.php\/wp-json\/wp\/v2\/users\/1"}],"replies":[{"embeddable":true,"href":"https:\/\/club-canin.ch\/index.php\/wp-json\/wp\/v2\/comments?post=46"}],"version-history":[{"count":12,"href":"https:\/\/club-canin.ch\/index.php\/wp-json\/wp\/v2\/pages\/46\/revisions"}],"predecessor-version":[{"id":5887,"href":"https:\/\/club-canin.ch\/index.php\/wp-json\/wp\/v2\/pages\/46\/revisions\/5887"}],"wp:attachment":[{"href":"https:\/\/club-canin.ch\/index.php\/wp-json\/wp\/v2\/media?parent=46"}],"curies":[{"name":"wp","href":"https:\/\/api.w.org\/{rel}","templated":true}]}}