{"id":440,"date":"2020-01-18T16:45:23","date_gmt":"2020-01-18T15:45:23","guid":{"rendered":"http:\/\/www.club-canin.ch\/?page_id=440"},"modified":"2025-11-05T07:57:32","modified_gmt":"2025-11-05T06:57:32","slug":"brevet-bpc","status":"publish","type":"page","link":"https:\/\/club-canin.ch\/index.php\/brevet-bpc\/","title":{"rendered":"Cours obligatoires (VS)"},"content":{"rendered":"\n<p><strong>Horaires et sessions<\/strong><\/p>\n\n\n\n<p>Les informations se trouvent dans le formulaire d&#8217;inscription ci-dessous.<\/p>\n\n\n\n<p><strong>Tarif<\/strong><\/p>\n\n\n\n<p>150.- \/ Session (6 cours )<\/p>\n\n\n\n<p>Le paiement s&#8217;effectue par un versement avant le 1er cours. Les informations de paiement se trouvent sous &#8220;<a href=\"https:\/\/www.club-canin.ch\/paiements\/\">Infos pratiques \/ Paiements<\/a>&#8221; en indiquant votre nom et pr\u00e9nom, le num\u00e9ro de la session ainsi que le nom de votre chien.<\/p>\n\n\n\n<p><strong>Descriptif<\/strong><\/p>\n\n\n\n<ul class=\"wp-block-list\">\n<li><strong>Qui sera soumis \u00e0 l\u2019obligation de suivre des cours et dans quel d\u00e9lai ?<\/strong><\/li>\n<\/ul>\n\n\n\n<p>Tout d\u00e9tenteur de chien domicili\u00e9 en Valais \u00e2g\u00e9 de plus de 16 ans et qui ne pourra pas d\u00e9montrer avoir d\u00e9j\u00e0 d\u00e9tenu un chien par le pass\u00e9. La commune de r\u00e9sidence contr\u00f4lera la pr\u00e9sence du certificat lors de l\u2019encaissement de la taxe de tout propri\u00e9taire nouvellement inscrit. Elle rappellera cette obligation aux personnes n\u2019ayant pas accompli la formation, avant de transmettre les donn\u00e9es des \u00e9ventuels contrevenants \u00e0 l\u2019Office v\u00e9t\u00e9rinaire cantonal qui pourra ensuite les sanctionner.<\/p>\n\n\n\n<p>Un d\u00e9lai transitoire pour suivre cette formation a \u00e9t\u00e9 fix\u00e9, et les nouveaux d\u00e9tenteurs qui feront l\u2019acquisition de leur premier chien durant l\u2019ann\u00e9e 2020 auront jusqu\u2019\u00e0 fin 2021 pour accomplir cette obligation. D\u00e8s 2021, ce d\u00e9lai sera d\u2019une ann\u00e9e, d\u00e8s l\u2019acquisition du chien.<\/p>\n\n\n\n<ul class=\"wp-block-list\">\n<li><strong>Quelles sont les exceptions ?<\/strong><\/li>\n<\/ul>\n\n\n\n<p>La liste des personnes exempt\u00e9es de l\u2019obligation de formation est d\u00e9finie dans l\u2019ordonnance d\u2019application&nbsp;: il s\u2019agit notamment des d\u00e9tenteurs de chiens de service, de chiens pour personnes en situation de handicap, de chiens \u00e2g\u00e9s de moins de huit mois ou en court s\u00e9jour dans le canton. <\/p>\n\n\n\n<ul class=\"wp-block-list\">\n<li><strong>Quel sera le contenu et la dur\u00e9e des cours ?<\/strong><\/li>\n<\/ul>\n\n\n\n<p>La formation (d\u2019une dur\u00e9e minimale de 6 heures ou de 8 p\u00e9riodes de 45 minutes) visera la sensibilisation des personnes \u00e0 la mani\u00e8re de d\u00e9tenir les chiens conform\u00e9ment aux r\u00e8gles de la protection des animaux et aux r\u00e8gles de vie en soci\u00e9t\u00e9 ainsi qu\u2019\u00e0 la mani\u00e8re de les traiter conform\u00e9ment \u00e0 leurs besoins.<\/p>\n\n\n\n<p>Source:  <a href=\"https:\/\/www.vs.ch\/web\/communication\/detail?groupId=529400&amp;articleId=6269910\">https:\/\/www.vs.ch\/web\/communication\/detail?groupId=529400&amp;articleId=6269910<\/a> <\/p>\n\n\n\n<p><strong>Mat\u00e9riel \u00e0 prendre avec soi<\/strong> :<\/p>\n\n\n\n<ul class=\"wp-block-list\">\n<li>N\u00b0 de puce<\/li>\n\n\n\n<li>R\u00e9compenses (en quantit\u00e9, de petites tailles, app\u00e9tantes).<\/li>\n\n\n\n<li>Laisse courte (pas d&#8217;enrouleur).<\/li>\n\n\n\n<li>Son jeu (objet) favori.<\/li>\n<\/ul>\n\n\n\n<p>NB: Le chien ne doit jamais \u00eatre d\u00e9tach\u00e9 sans l&#8217;accord du moniteur.<\/p>\n\n\n\n<p><strong>Inscriptions<\/strong><\/p>\n\n\n\n<p>Pour votre inscription d\u00e9finitive merci de compl\u00e9ter le formulaire ci-dessous :<\/p>\n\n\n\n<div class=\"wp-block-contact-form-7-contact-form-selector\">\n<div class=\"wpcf7 no-js\" id=\"wpcf7-f5463-o1\" lang=\"fr-FR\" dir=\"ltr\">\n<div class=\"screen-reader-response\"><p role=\"status\" aria-live=\"polite\" aria-atomic=\"true\"><\/p> <ul><\/ul><\/div>\n<form action=\"\/index.php\/wp-json\/wp\/v2\/pages\/440#wpcf7-f5463-o1\" method=\"post\" class=\"wpcf7-form init\" aria-label=\"Formulaire de contact\" novalidate=\"novalidate\" data-status=\"init\">\n<div style=\"display: none;\">\n<input type=\"hidden\" name=\"_wpcf7\" value=\"5463\" \/>\n<input type=\"hidden\" name=\"_wpcf7_version\" value=\"5.9.8\" \/>\n<input type=\"hidden\" name=\"_wpcf7_locale\" value=\"fr_FR\" \/>\n<input type=\"hidden\" name=\"_wpcf7_unit_tag\" value=\"wpcf7-f5463-o1\" \/>\n<input type=\"hidden\" name=\"_wpcf7_container_post\" value=\"0\" \/>\n<input type=\"hidden\" name=\"_wpcf7_posted_data_hash\" value=\"\" \/>\n<input type=\"hidden\" name=\"_wpcf7_recaptcha_response\" value=\"\" \/>\n<\/div>\n<p><span class=\"wpcf7-form-control-wrap\" data-name=\"menu-session\"><select class=\"wpcf7-form-control wpcf7-select wpcf7-validates-as-required\" aria-required=\"true\" aria-invalid=\"false\" name=\"menu-session\"><option value=\"Session 3 (2026) : 23 ao\u00fbt, 6 septembre, 20 septembre, 4 octobre, 18 octobre et 8 novembre (les dimanches de 11h00 \u00e0 12h00)\">Session 3 (2026) : 23 ao\u00fbt, 6 septembre, 20 septembre, 4 octobre, 18 octobre et 8 novembre (les dimanches de 11h00 \u00e0 12h00)<\/option><\/select><\/span>\n<\/p>\n<p><label> Nom et pr\u00e9nom<br \/>\n<span class=\"wpcf7-form-control-wrap\" data-name=\"your-name\"><input size=\"40\" maxlength=\"400\" class=\"wpcf7-form-control wpcf7-text wpcf7-validates-as-required\" aria-required=\"true\" aria-invalid=\"false\" value=\"\" type=\"text\" name=\"your-name\" \/><\/span><br \/>\n<\/label>\n<\/p>\n<p><label> Adresse<br \/>\n<span class=\"wpcf7-form-control-wrap\" data-name=\"text-adresse\"><input size=\"40\" maxlength=\"400\" class=\"wpcf7-form-control wpcf7-text wpcf7-validates-as-required\" aria-required=\"true\" aria-invalid=\"false\" value=\"\" type=\"text\" name=\"text-adresse\" \/><\/span><br \/>\n<\/label>\n<\/p>\n<p><label> NPA<br \/>\n<span class=\"wpcf7-form-control-wrap\" data-name=\"text-npa\"><input size=\"40\" maxlength=\"400\" class=\"wpcf7-form-control wpcf7-text wpcf7-validates-as-required\" aria-required=\"true\" aria-invalid=\"false\" value=\"\" type=\"text\" name=\"text-npa\" \/><\/span><br \/>\n<\/label>\n<\/p>\n<p><label> Localit\u00e9<br \/>\n<span class=\"wpcf7-form-control-wrap\" data-name=\"text-localite\"><input size=\"40\" maxlength=\"400\" class=\"wpcf7-form-control wpcf7-text wpcf7-validates-as-required\" aria-required=\"true\" aria-invalid=\"false\" value=\"\" type=\"text\" name=\"text-localite\" \/><\/span><br \/>\n<\/label>\n<\/p>\n<p><label> Votre e-mail<br \/>\n<span class=\"wpcf7-form-control-wrap\" data-name=\"your-email\"><input size=\"40\" maxlength=\"400\" class=\"wpcf7-form-control wpcf7-email wpcf7-validates-as-required wpcf7-text wpcf7-validates-as-email\" aria-required=\"true\" aria-invalid=\"false\" value=\"\" type=\"email\" name=\"your-email\" \/><\/span><br \/>\n<\/label>\n<\/p>\n<p><label> Num\u00e9ro de mobile<br \/>\n<span class=\"wpcf7-form-control-wrap\" data-name=\"tel-148\"><input size=\"40\" maxlength=\"400\" class=\"wpcf7-form-control wpcf7-tel wpcf7-validates-as-required wpcf7-text wpcf7-validates-as-tel\" aria-required=\"true\" aria-invalid=\"false\" placeholder=\"0798765432\" value=\"\" type=\"tel\" name=\"tel-148\" \/><\/span><br \/>\n<\/label>\n<\/p>\n<p><label> Nom du chien<br \/>\n<span class=\"wpcf7-form-control-wrap\" data-name=\"text-chienNom\"><input size=\"40\" maxlength=\"400\" class=\"wpcf7-form-control wpcf7-text wpcf7-validates-as-required\" aria-required=\"true\" aria-invalid=\"false\" value=\"\" type=\"text\" name=\"text-chienNom\" \/><\/span><br \/>\n<\/label>\n<\/p>\n<p><label> Date de naissance du chien<br \/>\n<span class=\"wpcf7-form-control-wrap\" data-name=\"date-chienNaissance\"><input class=\"wpcf7-form-control wpcf7-date wpcf7-validates-as-required wpcf7-validates-as-date\" aria-required=\"true\" aria-invalid=\"false\" value=\"\" type=\"date\" name=\"date-chienNaissance\" \/><\/span><br \/>\n<\/label>\n<\/p>\n<p><span class=\"wpcf7-form-control-wrap\" data-name=\"acceptance-106\"><span class=\"wpcf7-form-control wpcf7-acceptance\"><span class=\"wpcf7-list-item\"><label><input type=\"checkbox\" name=\"acceptance-106\" value=\"1\" aria-invalid=\"false\" \/><span class=\"wpcf7-list-item-label\">Je certifie que mon chien sera plus \u00e2g\u00e9 que 8 mois au dernier jour du cours de la formation !<\/span><\/label><\/span><\/span><\/span>\n<\/p>\n<p><label> Race du chien<br \/>\n<span class=\"wpcf7-form-control-wrap\" data-name=\"text-chienRace\"><input size=\"40\" maxlength=\"400\" class=\"wpcf7-form-control wpcf7-text wpcf7-validates-as-required\" aria-required=\"true\" aria-invalid=\"false\" value=\"\" type=\"text\" name=\"text-chienRace\" \/><\/span><br \/>\n<\/label>\n<\/p>\n<p><label> Sexe du chien <\/label><br \/>\n<span class=\"wpcf7-form-control-wrap\" data-name=\"radio-chienSexe\"><span class=\"wpcf7-form-control wpcf7-radio\"><span class=\"wpcf7-list-item first\"><label><input type=\"radio\" name=\"radio-chienSexe\" value=\"Femelle\" checked=\"checked\" \/><span class=\"wpcf7-list-item-label\">Femelle<\/span><\/label><\/span><span class=\"wpcf7-list-item last\"><label><input type=\"radio\" name=\"radio-chienSexe\" value=\"M\u00e2le\" \/><span class=\"wpcf7-list-item-label\">M\u00e2le<\/span><\/label><\/span><\/span><\/span>\n<\/p>\n<p><label> N\u00b0 de puce<br \/>\n<span class=\"wpcf7-form-control-wrap\" data-name=\"text-chienPuce\"><input size=\"40\" maxlength=\"400\" class=\"wpcf7-form-control wpcf7-text wpcf7-validates-as-required\" aria-required=\"true\" aria-invalid=\"false\" placeholder=\"000.000.000.000.000\" value=\"\" type=\"text\" name=\"text-chienPuce\" \/><\/span><br \/>\n<\/label>\n<\/p>\n<p><label> Comment avez-vous trouver ces cours ?<br \/>\n<span class=\"wpcf7-form-control-wrap\" data-name=\"menu-comment\"><select class=\"wpcf7-form-control wpcf7-select wpcf7-validates-as-required\" aria-required=\"true\" aria-invalid=\"false\" name=\"menu-comment\"><option value=\"Facebook\">Facebook<\/option><option value=\"Recherche Internet\">Recherche Internet<\/option><option value=\"Amis\">Amis<\/option><option value=\"Autre\">Autre<\/option><\/select><\/span><br \/>\n<\/label>\n<\/p>\n<p><label> Remarque<br \/>\n<span class=\"wpcf7-form-control-wrap\" data-name=\"text-remarque\"><input size=\"40\" maxlength=\"400\" class=\"wpcf7-form-control wpcf7-text\" aria-invalid=\"false\" placeholder=\"\" value=\"\" type=\"text\" name=\"text-remarque\" \/><\/span><br \/>\n<\/label>\n<\/p>\n<p><span class=\"wpcf7-form-control-wrap\" data-name=\"acceptance-proprietaire\"><span class=\"wpcf7-form-control wpcf7-acceptance\"><span class=\"wpcf7-list-item\"><label><input type=\"checkbox\" name=\"acceptance-proprietaire\" value=\"1\" aria-invalid=\"false\" \/><span class=\"wpcf7-list-item-label\">J'ai bien compris que SEUL le propri\u00e9taire officiel inscrit chez AMICUS est autoris\u00e9 \u00e0 suivre les cours !<\/span><\/label><\/span><\/span><\/span>\n<\/p>\n<p><span class=\"wpcf7-form-control-wrap\" data-name=\"acceptance-248\"><span class=\"wpcf7-form-control wpcf7-acceptance\"><span class=\"wpcf7-list-item\"><label><input type=\"checkbox\" name=\"acceptance-248\" value=\"1\" aria-invalid=\"false\" \/><span class=\"wpcf7-list-item-label\">En remplissant ce formulaire, je m'engage \u00e0 payer le cours \u00e0 l'avance et \u00e0 participer \u00e0 tous les cours (sauf raison m\u00e9dicale)<\/span><\/label><\/span><\/span><\/span>\n<\/p>\n<p><input class=\"wpcf7-form-control wpcf7-submit has-spinner\" type=\"submit\" value=\"Envoyer\" \/>\n<\/p><p style=\"display: none !important;\" class=\"akismet-fields-container\" data-prefix=\"_wpcf7_ak_\"><label>&#916;<textarea name=\"_wpcf7_ak_hp_textarea\" cols=\"45\" rows=\"8\" maxlength=\"100\"><\/textarea><\/label><input type=\"hidden\" id=\"ak_js_1\" name=\"_wpcf7_ak_js\" value=\"165\"\/><script>document.getElementById( \"ak_js_1\" ).setAttribute( \"value\", ( new Date() ).getTime() );<\/script><\/p><input type='hidden' class='wpcf7-pum' value='{\"closepopup\":false,\"closedelay\":0,\"openpopup\":false,\"openpopup_id\":0}' \/><div class=\"wpcf7-response-output\" aria-hidden=\"true\"><\/div>\n<\/form>\n<\/div>\n<\/div>\n\n\n\n<p><\/p>\n","protected":false},"excerpt":{"rendered":"<p>Horaires et sessions Les informations se trouvent dans le formulaire d&#8217;inscription ci-dessous. Tarif 150.- \/ Session (6 cours ) Le paiement s&#8217;effectue par un versement avant le 1er cours. Les informations de paiement se trouvent sous &#8220;Infos pratiques \/ Paiements&#8221; en indiquant votre nom et pr\u00e9nom, le num\u00e9ro de la session ainsi que le nom&hellip;&nbsp;<a href=\"https:\/\/club-canin.ch\/index.php\/brevet-bpc\/\" class=\"\" rel=\"bookmark\">Lire la suite &raquo;<span class=\"screen-reader-text\">Cours obligatoires (VS)<\/span><\/a><\/p>\n","protected":false},"author":1,"featured_media":0,"parent":0,"menu_order":0,"comment_status":"closed","ping_status":"closed","template":"","meta":{"neve_meta_sidebar":"","neve_meta_container":"","neve_meta_enable_content_width":"","neve_meta_content_width":0,"neve_meta_title_alignment":"","neve_meta_author_avatar":"","neve_post_elements_order":"","neve_meta_disable_header":"","neve_meta_disable_footer":"","neve_meta_disable_title":"","footnotes":""},"class_list":["post-440","page","type-page","status-publish","hentry"],"yoast_head":"<!-- This site is optimized with the Yoast SEO plugin v23.4 - https:\/\/yoast.com\/wordpress\/plugins\/seo\/ -->\n<title>Cours obligatoires (VS) - CEC Tout&#039;\u00e0 Poils<\/title>\n<meta name=\"robots\" content=\"index, follow, max-snippet:-1, max-image-preview:large, max-video-preview:-1\" \/>\n<link rel=\"canonical\" href=\"https:\/\/club-canin.ch\/index.php\/brevet-bpc\/\" \/>\n<meta property=\"og:locale\" content=\"fr_FR\" \/>\n<meta property=\"og:type\" content=\"article\" \/>\n<meta property=\"og:title\" content=\"Cours obligatoires (VS) - CEC Tout&#039;\u00e0 Poils\" \/>\n<meta property=\"og:description\" content=\"Horaires et sessions Les informations se trouvent dans le formulaire d&#8217;inscription ci-dessous. Tarif 150.- \/ Session (6 cours ) Le paiement s&#8217;effectue par un versement avant le 1er cours. Les informations de paiement se trouvent sous &#8220;Infos pratiques \/ Paiements&#8221; en indiquant votre nom et pr\u00e9nom, le num\u00e9ro de la session ainsi que le nom&hellip;&nbsp;Lire la suite &raquo;Cours obligatoires (VS)\" \/>\n<meta property=\"og:url\" content=\"https:\/\/club-canin.ch\/index.php\/brevet-bpc\/\" \/>\n<meta property=\"og:site_name\" content=\"CEC Tout&#039;\u00e0 Poils\" \/>\n<meta property=\"article:publisher\" content=\"https:\/\/www.facebook.com\/toutapoils\" \/>\n<meta property=\"article:modified_time\" content=\"2025-11-05T06:57:32+00:00\" \/>\n<meta name=\"twitter:card\" content=\"summary_large_image\" \/>\n<meta name=\"twitter:label1\" content=\"Dur\u00e9e de lecture estim\u00e9e\" \/>\n\t<meta name=\"twitter:data1\" content=\"2 minutes\" \/>\n<script type=\"application\/ld+json\" class=\"yoast-schema-graph\">{\"@context\":\"https:\/\/schema.org\",\"@graph\":[{\"@type\":\"WebPage\",\"@id\":\"https:\/\/club-canin.ch\/index.php\/brevet-bpc\/\",\"url\":\"https:\/\/club-canin.ch\/index.php\/brevet-bpc\/\",\"name\":\"Cours obligatoires (VS) - CEC Tout&#039;\u00e0 Poils\",\"isPartOf\":{\"@id\":\"https:\/\/club-canin.ch\/#website\"},\"datePublished\":\"2020-01-18T15:45:23+00:00\",\"dateModified\":\"2025-11-05T06:57:32+00:00\",\"breadcrumb\":{\"@id\":\"https:\/\/club-canin.ch\/index.php\/brevet-bpc\/#breadcrumb\"},\"inLanguage\":\"fr-FR\",\"potentialAction\":[{\"@type\":\"ReadAction\",\"target\":[\"https:\/\/club-canin.ch\/index.php\/brevet-bpc\/\"]}]},{\"@type\":\"BreadcrumbList\",\"@id\":\"https:\/\/club-canin.ch\/index.php\/brevet-bpc\/#breadcrumb\",\"itemListElement\":[{\"@type\":\"ListItem\",\"position\":1,\"name\":\"Accueil\",\"item\":\"https:\/\/club-canin.ch\/\"},{\"@type\":\"ListItem\",\"position\":2,\"name\":\"Cours obligatoires (VS)\"}]},{\"@type\":\"WebSite\",\"@id\":\"https:\/\/club-canin.ch\/#website\",\"url\":\"https:\/\/club-canin.ch\/\",\"name\":\"CEC Tout&#039;\u00e0 Poils\",\"description\":\"Club canin valaisan !\",\"publisher\":{\"@id\":\"https:\/\/club-canin.ch\/#organization\"},\"potentialAction\":[{\"@type\":\"SearchAction\",\"target\":{\"@type\":\"EntryPoint\",\"urlTemplate\":\"https:\/\/club-canin.ch\/?s={search_term_string}\"},\"query-input\":{\"@type\":\"PropertyValueSpecification\",\"valueRequired\":true,\"valueName\":\"search_term_string\"}}],\"inLanguage\":\"fr-FR\"},{\"@type\":\"Organization\",\"@id\":\"https:\/\/club-canin.ch\/#organization\",\"name\":\"Club canin Tout'\u00e0 Poils\",\"url\":\"https:\/\/club-canin.ch\/\",\"logo\":{\"@type\":\"ImageObject\",\"inLanguage\":\"fr-FR\",\"@id\":\"https:\/\/club-canin.ch\/#\/schema\/logo\/image\/\",\"url\":\"https:\/\/club-canin.ch\/wp-content\/uploads\/2022\/10\/logo-1200.png\",\"contentUrl\":\"https:\/\/club-canin.ch\/wp-content\/uploads\/2022\/10\/logo-1200.png\",\"width\":1200,\"height\":802,\"caption\":\"Club canin Tout'\u00e0 Poils\"},\"image\":{\"@id\":\"https:\/\/club-canin.ch\/#\/schema\/logo\/image\/\"},\"sameAs\":[\"https:\/\/www.facebook.com\/toutapoils\"]}]}<\/script>\n<!-- \/ Yoast SEO plugin. -->","yoast_head_json":{"title":"Cours obligatoires (VS) - CEC Tout&#039;\u00e0 Poils","robots":{"index":"index","follow":"follow","max-snippet":"max-snippet:-1","max-image-preview":"max-image-preview:large","max-video-preview":"max-video-preview:-1"},"canonical":"https:\/\/club-canin.ch\/index.php\/brevet-bpc\/","og_locale":"fr_FR","og_type":"article","og_title":"Cours obligatoires (VS) - CEC Tout&#039;\u00e0 Poils","og_description":"Horaires et sessions Les informations se trouvent dans le formulaire d&#8217;inscription ci-dessous. Tarif 150.- \/ Session (6 cours ) Le paiement s&#8217;effectue par un versement avant le 1er cours. Les informations de paiement se trouvent sous &#8220;Infos pratiques \/ Paiements&#8221; en indiquant votre nom et pr\u00e9nom, le num\u00e9ro de la session ainsi que le nom&hellip;&nbsp;Lire la suite &raquo;Cours obligatoires (VS)","og_url":"https:\/\/club-canin.ch\/index.php\/brevet-bpc\/","og_site_name":"CEC Tout&#039;\u00e0 Poils","article_publisher":"https:\/\/www.facebook.com\/toutapoils","article_modified_time":"2025-11-05T06:57:32+00:00","twitter_card":"summary_large_image","twitter_misc":{"Dur\u00e9e de lecture estim\u00e9e":"2 minutes"},"schema":{"@context":"https:\/\/schema.org","@graph":[{"@type":"WebPage","@id":"https:\/\/club-canin.ch\/index.php\/brevet-bpc\/","url":"https:\/\/club-canin.ch\/index.php\/brevet-bpc\/","name":"Cours obligatoires (VS) - CEC Tout&#039;\u00e0 Poils","isPartOf":{"@id":"https:\/\/club-canin.ch\/#website"},"datePublished":"2020-01-18T15:45:23+00:00","dateModified":"2025-11-05T06:57:32+00:00","breadcrumb":{"@id":"https:\/\/club-canin.ch\/index.php\/brevet-bpc\/#breadcrumb"},"inLanguage":"fr-FR","potentialAction":[{"@type":"ReadAction","target":["https:\/\/club-canin.ch\/index.php\/brevet-bpc\/"]}]},{"@type":"BreadcrumbList","@id":"https:\/\/club-canin.ch\/index.php\/brevet-bpc\/#breadcrumb","itemListElement":[{"@type":"ListItem","position":1,"name":"Accueil","item":"https:\/\/club-canin.ch\/"},{"@type":"ListItem","position":2,"name":"Cours obligatoires (VS)"}]},{"@type":"WebSite","@id":"https:\/\/club-canin.ch\/#website","url":"https:\/\/club-canin.ch\/","name":"CEC Tout&#039;\u00e0 Poils","description":"Club canin valaisan !","publisher":{"@id":"https:\/\/club-canin.ch\/#organization"},"potentialAction":[{"@type":"SearchAction","target":{"@type":"EntryPoint","urlTemplate":"https:\/\/club-canin.ch\/?s={search_term_string}"},"query-input":{"@type":"PropertyValueSpecification","valueRequired":true,"valueName":"search_term_string"}}],"inLanguage":"fr-FR"},{"@type":"Organization","@id":"https:\/\/club-canin.ch\/#organization","name":"Club canin Tout'\u00e0 Poils","url":"https:\/\/club-canin.ch\/","logo":{"@type":"ImageObject","inLanguage":"fr-FR","@id":"https:\/\/club-canin.ch\/#\/schema\/logo\/image\/","url":"https:\/\/club-canin.ch\/wp-content\/uploads\/2022\/10\/logo-1200.png","contentUrl":"https:\/\/club-canin.ch\/wp-content\/uploads\/2022\/10\/logo-1200.png","width":1200,"height":802,"caption":"Club canin Tout'\u00e0 Poils"},"image":{"@id":"https:\/\/club-canin.ch\/#\/schema\/logo\/image\/"},"sameAs":["https:\/\/www.facebook.com\/toutapoils"]}]}},"jetpack_sharing_enabled":true,"_links":{"self":[{"href":"https:\/\/club-canin.ch\/index.php\/wp-json\/wp\/v2\/pages\/440","targetHints":{"allow":["GET"]}}],"collection":[{"href":"https:\/\/club-canin.ch\/index.php\/wp-json\/wp\/v2\/pages"}],"about":[{"href":"https:\/\/club-canin.ch\/index.php\/wp-json\/wp\/v2\/types\/page"}],"author":[{"embeddable":true,"href":"https:\/\/club-canin.ch\/index.php\/wp-json\/wp\/v2\/users\/1"}],"replies":[{"embeddable":true,"href":"https:\/\/club-canin.ch\/index.php\/wp-json\/wp\/v2\/comments?post=440"}],"version-history":[{"count":18,"href":"https:\/\/club-canin.ch\/index.php\/wp-json\/wp\/v2\/pages\/440\/revisions"}],"predecessor-version":[{"id":6264,"href":"https:\/\/club-canin.ch\/index.php\/wp-json\/wp\/v2\/pages\/440\/revisions\/6264"}],"wp:attachment":[{"href":"https:\/\/club-canin.ch\/index.php\/wp-json\/wp\/v2\/media?parent=440"}],"curies":[{"name":"wp","href":"https:\/\/api.w.org\/{rel}","templated":true}]}}