{"id":41,"date":"2019-11-26T23:00:58","date_gmt":"2019-11-26T22:00:58","guid":{"rendered":"http:\/\/www.club-canin.ch\/?page_id=26"},"modified":"2023-11-24T11:26:17","modified_gmt":"2023-11-24T10:26:17","slug":"agility","status":"publish","type":"page","link":"https:\/\/club-canin.ch\/index.php\/agility\/","title":{"rendered":"Agility &#8211; Plaisir"},"content":{"rendered":"\n<p><strong>Horaires<\/strong><\/p>\n\n\n\n<p>Reprise des cours le 31 mars 2023.  Les cours ont lieux les vendredi, horaires \u00e0 d\u00e9finir.<\/p>\n\n\n\n<p><strong>Tarifs<\/strong><\/p>\n\n\n\n<ul class=\"wp-block-list\">\n<li>Non membre : 20 .- \/ cours<\/li>\n\n\n\n<li>Membre : 15.- \/ cours<\/li>\n<\/ul>\n\n\n\n<p><strong>Mat\u00e9riel<\/strong><\/p>\n\n\n\n<p>&nbsp;Munissez-vous de :<\/p>\n\n\n\n<ul class=\"wp-block-list\">\n<li>quelques friandises (app\u00e9tentes et de petites tailles),<\/li>\n\n\n\n<li>du jouet favori de votre chien<\/li>\n\n\n\n<li>et d&#8217;une laisse.<\/li>\n<\/ul>\n\n\n\n<p><strong>Descriptif<\/strong><\/p>\n\n\n\n<p>L&#8217;agility (signifiant tout simplement \u00ab&nbsp;agilit\u00e9&nbsp;\u00bb en anglais), est un sport canin, dans lequel le chien \u00e9volue sur un parcours compos\u00e9 de divers obstacles sous la conduite de son ma\u00eetre. Ce dernier guide son chien et l&#8217;encourage pour franchir les obstacles correctement en tenant compte de r\u00e8gles sp\u00e9cifiques. L&#8217;agility est avant tout une course d&#8217;adresse et de vitesse. Ce sport permet de renforcer la complicit\u00e9 entre le chien et son ma\u00eetre par le jeu. Tous les chiens peuvent y participer qu&#8217;ils soient petits ou grands, de race ou b\u00e2tards.<br><\/p>\n\n\n\n<p><strong>Conditions de particpation<\/strong><\/p>\n\n\n\n<p>Le cours &#8220;Agility&#8221; est ouvert \u00e0 tous les chiens qui ne repr\u00e9sentent pas de danger pour les hommes ou ses cong\u00e9n\u00e8res et qui poss\u00e8dent une bonne ob\u00e9issance de base.<\/p>\n\n\n\n<p>Les couples participants \u00e0 l&#8217;agility doivent avoir au pr\u00e9alable au moins suivi un cours d&#8217;ob\u00e9issance dans notre club.<\/p>\n\n\n\n<p>Les jeunes chiens (&lt;15 mois) pourront s&#8217;impr\u00e9gner des diff\u00e9rents obstacles et s&#8217;y familiariser. Pour des raisons de d\u00e9veloppement physique certains obstacles ne pourront pas \u00eatre travaill\u00e9s.<\/p>\n\n\n\n<p>Les chiots de moins de 6 mois ne sont pas admis.<\/p>\n\n\n\n<p>Durant le cours, les chiens sont d\u00e9tach\u00e9s uniquement sur ordre du moniteur.<\/p>\n\n\n\n<p class=\"has-text-align-center\"><strong>Merci de compl\u00e9ter le formulaire ci-dessous en cas d\u2019int\u00e9r\u00eat. (<mark style=\"background-color:var(--nv-c-2)\" class=\"has-inline-color\">Nous sommes actuellement COMPLET<\/mark>)<\/strong><\/p>\n\n\n\n<div class=\"wp-block-contact-form-7-contact-form-selector\">\n<div class=\"wpcf7 no-js\" id=\"wpcf7-f4420-o1\" lang=\"fr-FR\" dir=\"ltr\">\n<div class=\"screen-reader-response\"><p role=\"status\" aria-live=\"polite\" aria-atomic=\"true\"><\/p> <ul><\/ul><\/div>\n<form action=\"\/index.php\/wp-json\/wp\/v2\/pages\/41#wpcf7-f4420-o1\" method=\"post\" class=\"wpcf7-form init\" aria-label=\"Formulaire de contact\" novalidate=\"novalidate\" data-status=\"init\">\n<div style=\"display: none;\">\n<input type=\"hidden\" name=\"_wpcf7\" value=\"4420\" \/>\n<input type=\"hidden\" name=\"_wpcf7_version\" value=\"5.9.8\" \/>\n<input type=\"hidden\" name=\"_wpcf7_locale\" value=\"fr_FR\" \/>\n<input type=\"hidden\" name=\"_wpcf7_unit_tag\" value=\"wpcf7-f4420-o1\" \/>\n<input type=\"hidden\" name=\"_wpcf7_container_post\" value=\"0\" \/>\n<input type=\"hidden\" name=\"_wpcf7_posted_data_hash\" value=\"\" \/>\n<input type=\"hidden\" name=\"_wpcf7_recaptcha_response\" value=\"\" \/>\n<\/div>\n<p><label> Nom et pr\u00e9nom<br \/>\n<span class=\"wpcf7-form-control-wrap\" data-name=\"your-name\"><input size=\"40\" maxlength=\"400\" class=\"wpcf7-form-control wpcf7-text wpcf7-validates-as-required\" aria-required=\"true\" aria-invalid=\"false\" value=\"\" type=\"text\" name=\"your-name\" \/><\/span><br \/>\n<\/label>\n<\/p>\n<p><label> Votre e-mail<br \/>\n<span class=\"wpcf7-form-control-wrap\" data-name=\"your-email\"><input size=\"40\" maxlength=\"400\" class=\"wpcf7-form-control wpcf7-email wpcf7-validates-as-required wpcf7-text wpcf7-validates-as-email\" aria-required=\"true\" aria-invalid=\"false\" value=\"\" type=\"email\" name=\"your-email\" \/><\/span><br \/>\n<\/label>\n<\/p>\n<p><label> Num\u00e9ro de mobile<br \/>\n<span class=\"wpcf7-form-control-wrap\" data-name=\"tel-148\"><input size=\"40\" maxlength=\"400\" class=\"wpcf7-form-control wpcf7-tel wpcf7-validates-as-required wpcf7-text wpcf7-validates-as-tel\" aria-required=\"true\" aria-invalid=\"false\" placeholder=\"0798765432\" value=\"\" type=\"tel\" name=\"tel-148\" \/><\/span><br \/>\n<\/label>\n<\/p>\n<p><label> Nom du chien<br \/>\n<span class=\"wpcf7-form-control-wrap\" data-name=\"text-chienNom\"><input size=\"40\" maxlength=\"400\" class=\"wpcf7-form-control wpcf7-text wpcf7-validates-as-required\" aria-required=\"true\" aria-invalid=\"false\" value=\"\" type=\"text\" name=\"text-chienNom\" \/><\/span><br \/>\n<\/label>\n<\/p>\n<p><label> Date de naissance du chien<br \/>\n<span class=\"wpcf7-form-control-wrap\" data-name=\"date-chienNaissance\"><input class=\"wpcf7-form-control wpcf7-date wpcf7-validates-as-required wpcf7-validates-as-date\" aria-required=\"true\" aria-invalid=\"false\" value=\"\" type=\"date\" name=\"date-chienNaissance\" \/><\/span><br \/>\n<\/label>\n<\/p>\n<p><label> Race du chien<br \/>\n<span class=\"wpcf7-form-control-wrap\" data-name=\"text-chienRace\"><input size=\"40\" maxlength=\"400\" class=\"wpcf7-form-control wpcf7-text wpcf7-validates-as-required\" aria-required=\"true\" aria-invalid=\"false\" value=\"\" type=\"text\" name=\"text-chienRace\" \/><\/span><br \/>\n<\/label>\n<\/p>\n<p><label> Comment avez-vous trouver ces cours ?<br \/>\n<span class=\"wpcf7-form-control-wrap\" data-name=\"menu-comment\"><select class=\"wpcf7-form-control wpcf7-select wpcf7-validates-as-required\" aria-required=\"true\" aria-invalid=\"false\" name=\"menu-comment\"><option value=\"Facebook\">Facebook<\/option><option value=\"Recherche Internet\">Recherche Internet<\/option><option value=\"Amis\">Amis<\/option><option value=\"Autre\">Autre<\/option><\/select><\/span><br \/>\n<\/label>\n<\/p>\n<p><label> Remarque<br \/>\n<span class=\"wpcf7-form-control-wrap\" data-name=\"text-remarque\"><input size=\"40\" maxlength=\"400\" class=\"wpcf7-form-control wpcf7-text\" aria-invalid=\"false\" placeholder=\"\" value=\"\" type=\"text\" name=\"text-remarque\" \/><\/span><br \/>\n<\/label>\n<\/p>\n<p><span class=\"wpcf7-form-control-wrap\" data-name=\"acceptance-248\"><span class=\"wpcf7-form-control wpcf7-acceptance optional\"><span class=\"wpcf7-list-item\"><label><input type=\"checkbox\" name=\"acceptance-248\" value=\"1\" aria-invalid=\"false\" \/><span class=\"wpcf7-list-item-label\">Je confirme que mon chien n'a pas de probl\u00e8mes lors de contacts avec des gens et des cong\u00e9n\u00e8res.<\/span><\/label><\/span><\/span><\/span>\n<\/p>\n<p><input class=\"wpcf7-form-control wpcf7-submit has-spinner\" type=\"submit\" value=\"Envoyer\" \/>\n<\/p><p style=\"display: none !important;\" class=\"akismet-fields-container\" data-prefix=\"_wpcf7_ak_\"><label>&#916;<textarea name=\"_wpcf7_ak_hp_textarea\" cols=\"45\" rows=\"8\" maxlength=\"100\"><\/textarea><\/label><input type=\"hidden\" id=\"ak_js_1\" name=\"_wpcf7_ak_js\" value=\"64\"\/><script>document.getElementById( \"ak_js_1\" ).setAttribute( \"value\", ( new Date() ).getTime() );<\/script><\/p><input type='hidden' class='wpcf7-pum' value='{\"closepopup\":false,\"closedelay\":0,\"openpopup\":false,\"openpopup_id\":0}' \/><div class=\"wpcf7-response-output\" aria-hidden=\"true\"><\/div>\n<\/form>\n<\/div>\n<\/div>\n","protected":false},"excerpt":{"rendered":"<p>Horaires Reprise des cours le 31 mars 2023. Les cours ont lieux les vendredi, horaires \u00e0 d\u00e9finir. Tarifs Mat\u00e9riel &nbsp;Munissez-vous de : Descriptif L&#8217;agility (signifiant tout simplement \u00ab&nbsp;agilit\u00e9&nbsp;\u00bb en anglais), est un sport canin, dans lequel le chien \u00e9volue sur un parcours compos\u00e9 de divers obstacles sous la conduite de son ma\u00eetre. Ce dernier guide&hellip;&nbsp;<a href=\"https:\/\/club-canin.ch\/index.php\/agility\/\" class=\"\" rel=\"bookmark\">Lire la suite &raquo;<span class=\"screen-reader-text\">Agility &#8211; Plaisir<\/span><\/a><\/p>\n","protected":false},"author":1,"featured_media":0,"parent":0,"menu_order":0,"comment_status":"closed","ping_status":"closed","template":"","meta":{"neve_meta_sidebar":"","neve_meta_container":"","neve_meta_enable_content_width":"","neve_meta_content_width":0,"neve_meta_title_alignment":"","neve_meta_author_avatar":"","neve_post_elements_order":"","neve_meta_disable_header":"","neve_meta_disable_footer":"","neve_meta_disable_title":"","footnotes":""},"class_list":["post-41","page","type-page","status-publish","hentry"],"yoast_head":"<!-- This site is optimized with the Yoast SEO plugin v23.4 - https:\/\/yoast.com\/wordpress\/plugins\/seo\/ -->\n<title>Agility - Plaisir - CEC Tout&#039;\u00e0 Poils<\/title>\n<meta name=\"robots\" content=\"index, follow, max-snippet:-1, max-image-preview:large, max-video-preview:-1\" \/>\n<link rel=\"canonical\" href=\"https:\/\/club-canin.ch\/index.php\/agility\/\" \/>\n<meta property=\"og:locale\" content=\"fr_FR\" \/>\n<meta property=\"og:type\" content=\"article\" \/>\n<meta property=\"og:title\" content=\"Agility - Plaisir - CEC Tout&#039;\u00e0 Poils\" \/>\n<meta property=\"og:description\" content=\"Horaires Reprise des cours le 31 mars 2023. Les cours ont lieux les vendredi, horaires \u00e0 d\u00e9finir. Tarifs Mat\u00e9riel &nbsp;Munissez-vous de : Descriptif L&#8217;agility (signifiant tout simplement \u00ab&nbsp;agilit\u00e9&nbsp;\u00bb en anglais), est un sport canin, dans lequel le chien \u00e9volue sur un parcours compos\u00e9 de divers obstacles sous la conduite de son ma\u00eetre. Ce dernier guide&hellip;&nbsp;Lire la suite &raquo;Agility &#8211; Plaisir\" \/>\n<meta property=\"og:url\" content=\"https:\/\/club-canin.ch\/index.php\/agility\/\" \/>\n<meta property=\"og:site_name\" content=\"CEC Tout&#039;\u00e0 Poils\" \/>\n<meta property=\"article:publisher\" content=\"https:\/\/www.facebook.com\/toutapoils\" \/>\n<meta property=\"article:modified_time\" content=\"2023-11-24T10:26:17+00:00\" \/>\n<meta name=\"twitter:card\" content=\"summary_large_image\" \/>\n<meta name=\"twitter:label1\" content=\"Dur\u00e9e de lecture estim\u00e9e\" \/>\n\t<meta name=\"twitter:data1\" content=\"2 minutes\" \/>\n<script type=\"application\/ld+json\" class=\"yoast-schema-graph\">{\"@context\":\"https:\/\/schema.org\",\"@graph\":[{\"@type\":\"WebPage\",\"@id\":\"https:\/\/club-canin.ch\/index.php\/agility\/\",\"url\":\"https:\/\/club-canin.ch\/index.php\/agility\/\",\"name\":\"Agility - Plaisir - CEC Tout&#039;\u00e0 Poils\",\"isPartOf\":{\"@id\":\"https:\/\/club-canin.ch\/#website\"},\"datePublished\":\"2019-11-26T22:00:58+00:00\",\"dateModified\":\"2023-11-24T10:26:17+00:00\",\"breadcrumb\":{\"@id\":\"https:\/\/club-canin.ch\/index.php\/agility\/#breadcrumb\"},\"inLanguage\":\"fr-FR\",\"potentialAction\":[{\"@type\":\"ReadAction\",\"target\":[\"https:\/\/club-canin.ch\/index.php\/agility\/\"]}]},{\"@type\":\"BreadcrumbList\",\"@id\":\"https:\/\/club-canin.ch\/index.php\/agility\/#breadcrumb\",\"itemListElement\":[{\"@type\":\"ListItem\",\"position\":1,\"name\":\"Accueil\",\"item\":\"https:\/\/club-canin.ch\/\"},{\"@type\":\"ListItem\",\"position\":2,\"name\":\"Agility &#8211; Plaisir\"}]},{\"@type\":\"WebSite\",\"@id\":\"https:\/\/club-canin.ch\/#website\",\"url\":\"https:\/\/club-canin.ch\/\",\"name\":\"CEC Tout&#039;\u00e0 Poils\",\"description\":\"Club canin valaisan !\",\"publisher\":{\"@id\":\"https:\/\/club-canin.ch\/#organization\"},\"potentialAction\":[{\"@type\":\"SearchAction\",\"target\":{\"@type\":\"EntryPoint\",\"urlTemplate\":\"https:\/\/club-canin.ch\/?s={search_term_string}\"},\"query-input\":{\"@type\":\"PropertyValueSpecification\",\"valueRequired\":true,\"valueName\":\"search_term_string\"}}],\"inLanguage\":\"fr-FR\"},{\"@type\":\"Organization\",\"@id\":\"https:\/\/club-canin.ch\/#organization\",\"name\":\"Club canin Tout'\u00e0 Poils\",\"url\":\"https:\/\/club-canin.ch\/\",\"logo\":{\"@type\":\"ImageObject\",\"inLanguage\":\"fr-FR\",\"@id\":\"https:\/\/club-canin.ch\/#\/schema\/logo\/image\/\",\"url\":\"https:\/\/club-canin.ch\/wp-content\/uploads\/2022\/10\/logo-1200.png\",\"contentUrl\":\"https:\/\/club-canin.ch\/wp-content\/uploads\/2022\/10\/logo-1200.png\",\"width\":1200,\"height\":802,\"caption\":\"Club canin Tout'\u00e0 Poils\"},\"image\":{\"@id\":\"https:\/\/club-canin.ch\/#\/schema\/logo\/image\/\"},\"sameAs\":[\"https:\/\/www.facebook.com\/toutapoils\"]}]}<\/script>\n<!-- \/ Yoast SEO plugin. -->","yoast_head_json":{"title":"Agility - Plaisir - CEC Tout&#039;\u00e0 Poils","robots":{"index":"index","follow":"follow","max-snippet":"max-snippet:-1","max-image-preview":"max-image-preview:large","max-video-preview":"max-video-preview:-1"},"canonical":"https:\/\/club-canin.ch\/index.php\/agility\/","og_locale":"fr_FR","og_type":"article","og_title":"Agility - Plaisir - CEC Tout&#039;\u00e0 Poils","og_description":"Horaires Reprise des cours le 31 mars 2023. Les cours ont lieux les vendredi, horaires \u00e0 d\u00e9finir. Tarifs Mat\u00e9riel &nbsp;Munissez-vous de : Descriptif L&#8217;agility (signifiant tout simplement \u00ab&nbsp;agilit\u00e9&nbsp;\u00bb en anglais), est un sport canin, dans lequel le chien \u00e9volue sur un parcours compos\u00e9 de divers obstacles sous la conduite de son ma\u00eetre. Ce dernier guide&hellip;&nbsp;Lire la suite &raquo;Agility &#8211; Plaisir","og_url":"https:\/\/club-canin.ch\/index.php\/agility\/","og_site_name":"CEC Tout&#039;\u00e0 Poils","article_publisher":"https:\/\/www.facebook.com\/toutapoils","article_modified_time":"2023-11-24T10:26:17+00:00","twitter_card":"summary_large_image","twitter_misc":{"Dur\u00e9e de lecture estim\u00e9e":"2 minutes"},"schema":{"@context":"https:\/\/schema.org","@graph":[{"@type":"WebPage","@id":"https:\/\/club-canin.ch\/index.php\/agility\/","url":"https:\/\/club-canin.ch\/index.php\/agility\/","name":"Agility - Plaisir - CEC Tout&#039;\u00e0 Poils","isPartOf":{"@id":"https:\/\/club-canin.ch\/#website"},"datePublished":"2019-11-26T22:00:58+00:00","dateModified":"2023-11-24T10:26:17+00:00","breadcrumb":{"@id":"https:\/\/club-canin.ch\/index.php\/agility\/#breadcrumb"},"inLanguage":"fr-FR","potentialAction":[{"@type":"ReadAction","target":["https:\/\/club-canin.ch\/index.php\/agility\/"]}]},{"@type":"BreadcrumbList","@id":"https:\/\/club-canin.ch\/index.php\/agility\/#breadcrumb","itemListElement":[{"@type":"ListItem","position":1,"name":"Accueil","item":"https:\/\/club-canin.ch\/"},{"@type":"ListItem","position":2,"name":"Agility &#8211; Plaisir"}]},{"@type":"WebSite","@id":"https:\/\/club-canin.ch\/#website","url":"https:\/\/club-canin.ch\/","name":"CEC Tout&#039;\u00e0 Poils","description":"Club canin valaisan !","publisher":{"@id":"https:\/\/club-canin.ch\/#organization"},"potentialAction":[{"@type":"SearchAction","target":{"@type":"EntryPoint","urlTemplate":"https:\/\/club-canin.ch\/?s={search_term_string}"},"query-input":{"@type":"PropertyValueSpecification","valueRequired":true,"valueName":"search_term_string"}}],"inLanguage":"fr-FR"},{"@type":"Organization","@id":"https:\/\/club-canin.ch\/#organization","name":"Club canin Tout'\u00e0 Poils","url":"https:\/\/club-canin.ch\/","logo":{"@type":"ImageObject","inLanguage":"fr-FR","@id":"https:\/\/club-canin.ch\/#\/schema\/logo\/image\/","url":"https:\/\/club-canin.ch\/wp-content\/uploads\/2022\/10\/logo-1200.png","contentUrl":"https:\/\/club-canin.ch\/wp-content\/uploads\/2022\/10\/logo-1200.png","width":1200,"height":802,"caption":"Club canin Tout'\u00e0 Poils"},"image":{"@id":"https:\/\/club-canin.ch\/#\/schema\/logo\/image\/"},"sameAs":["https:\/\/www.facebook.com\/toutapoils"]}]}},"jetpack_sharing_enabled":true,"_links":{"self":[{"href":"https:\/\/club-canin.ch\/index.php\/wp-json\/wp\/v2\/pages\/41","targetHints":{"allow":["GET"]}}],"collection":[{"href":"https:\/\/club-canin.ch\/index.php\/wp-json\/wp\/v2\/pages"}],"about":[{"href":"https:\/\/club-canin.ch\/index.php\/wp-json\/wp\/v2\/types\/page"}],"author":[{"embeddable":true,"href":"https:\/\/club-canin.ch\/index.php\/wp-json\/wp\/v2\/users\/1"}],"replies":[{"embeddable":true,"href":"https:\/\/club-canin.ch\/index.php\/wp-json\/wp\/v2\/comments?post=41"}],"version-history":[{"count":2,"href":"https:\/\/club-canin.ch\/index.php\/wp-json\/wp\/v2\/pages\/41\/revisions"}],"predecessor-version":[{"id":5442,"href":"https:\/\/club-canin.ch\/index.php\/wp-json\/wp\/v2\/pages\/41\/revisions\/5442"}],"wp:attachment":[{"href":"https:\/\/club-canin.ch\/index.php\/wp-json\/wp\/v2\/media?parent=41"}],"curies":[{"name":"wp","href":"https:\/\/api.w.org\/{rel}","templated":true}]}}