{"id":40,"date":"2019-11-26T23:00:58","date_gmt":"2019-11-26T22:00:58","guid":{"rendered":"http:\/\/www.club-canin.ch\/?page_id=25"},"modified":"2023-11-24T11:26:39","modified_gmt":"2023-11-24T10:26:39","slug":"avances","status":"publish","type":"page","link":"https:\/\/club-canin.ch\/index.php\/avances\/","title":{"rendered":"Avanc\u00e9s"},"content":{"rendered":"\n<p><strong>Horaire<\/strong><\/p>\n\n\n\n<p>Tous les dimanches de 10h30 \u00e0 11h15<\/p>\n\n\n\n<p><strong>Tarifs<\/strong><\/p>\n\n\n\n<ul class=\"wp-block-list\">\n<li>Membre : Gratuit<\/li>\n\n\n\n<li>Non membre : 20.- \/le cours<\/li>\n<\/ul>\n\n\n\n<p><strong>Descriptif<br><\/strong><\/p>\n\n\n\n<p>Le cours &#8220;avanc\u00e9s&#8221; est ouvert \u00e0 tous les chiens qui poss\u00e8dent une bonne ob\u00e9issance de base (rappel, ordres de base) et s&#8217;entendent bien avec ses cong\u00e9n\u00e8res.<br><\/p>\n\n\n\n<p>Dans ce cours, les bases de l&#8217;\u00e9ducation sont approfondies de mani\u00e8re ludique et positive. La relation dans le couple ma\u00eetre-chien est renforc\u00e9e. Les exercices sont piment\u00e9s par des param\u00e8tres perturbateurs (ex\u00e9cuter un exercice sans la parole, refus d&#8217;apats, exercices \u00e0 distance, &#8230;)<br><\/p>\n\n\n\n<p>Exemple d&#8217;exercices:<br><\/p>\n\n\n\n<ul class=\"wp-block-list\">\n<li>Renforcement des ordres de base en variant la dur\u00e9e, la distance et les distractions.<\/li>\n\n\n\n<li>Exercices de d\u00e9tente<\/li>\n\n\n\n<li>Marche sans laisse<\/li>\n\n\n\n<li>Reste + rappel + stop<\/li>\n\n\n\n<li>Jeux (recherche du ma\u00eetre, tourner autour d&#8217;un objet, franchir des divers obstacles sans contrainte, &#8230;)<\/li>\n\n\n\n<li>&#8230;<\/li>\n<\/ul>\n\n\n\n<p> NB : Le chien ne doit jamais \u00eatre d\u00e9tach\u00e9 sans l&#8217;accord du moniteur.<\/p>\n","protected":false},"excerpt":{"rendered":"<p>Horaire Tous les dimanches de 10h30 \u00e0 11h15 Tarifs Descriptif Le cours &#8220;avanc\u00e9s&#8221; est ouvert \u00e0 tous les chiens qui poss\u00e8dent une bonne ob\u00e9issance de base (rappel, ordres de base) et s&#8217;entendent bien avec ses cong\u00e9n\u00e8res. Dans ce cours, les bases de l&#8217;\u00e9ducation sont approfondies de mani\u00e8re ludique et positive. La relation dans le couple&hellip;&nbsp;<a href=\"https:\/\/club-canin.ch\/index.php\/avances\/\" class=\"\" rel=\"bookmark\">Lire la suite &raquo;<span class=\"screen-reader-text\">Avanc\u00e9s<\/span><\/a><\/p>\n","protected":false},"author":1,"featured_media":0,"parent":0,"menu_order":0,"comment_status":"closed","ping_status":"closed","template":"","meta":{"neve_meta_sidebar":"","neve_meta_container":"","neve_meta_enable_content_width":"","neve_meta_content_width":0,"neve_meta_title_alignment":"","neve_meta_author_avatar":"","neve_post_elements_order":"","neve_meta_disable_header":"","neve_meta_disable_footer":"","neve_meta_disable_title":"","footnotes":""},"class_list":["post-40","page","type-page","status-publish","hentry"],"yoast_head":"<!-- This site is optimized with the Yoast SEO plugin v23.4 - https:\/\/yoast.com\/wordpress\/plugins\/seo\/ -->\n<title>Avanc\u00e9s - CEC Tout&#039;\u00e0 Poils<\/title>\n<meta name=\"robots\" content=\"index, follow, max-snippet:-1, max-image-preview:large, max-video-preview:-1\" \/>\n<link rel=\"canonical\" href=\"https:\/\/club-canin.ch\/index.php\/avances\/\" \/>\n<meta property=\"og:locale\" content=\"fr_FR\" \/>\n<meta property=\"og:type\" content=\"article\" \/>\n<meta property=\"og:title\" content=\"Avanc\u00e9s - CEC Tout&#039;\u00e0 Poils\" \/>\n<meta property=\"og:description\" content=\"Horaire Tous les dimanches de 10h30 \u00e0 11h15 Tarifs Descriptif Le cours &#8220;avanc\u00e9s&#8221; est ouvert \u00e0 tous les chiens qui poss\u00e8dent une bonne ob\u00e9issance de base (rappel, ordres de base) et s&#8217;entendent bien avec ses cong\u00e9n\u00e8res. Dans ce cours, les bases de l&#8217;\u00e9ducation sont approfondies de mani\u00e8re ludique et positive. La relation dans le couple&hellip;&nbsp;Lire la suite &raquo;Avanc\u00e9s\" \/>\n<meta property=\"og:url\" content=\"https:\/\/club-canin.ch\/index.php\/avances\/\" \/>\n<meta property=\"og:site_name\" content=\"CEC Tout&#039;\u00e0 Poils\" \/>\n<meta property=\"article:publisher\" content=\"https:\/\/www.facebook.com\/toutapoils\" \/>\n<meta property=\"article:modified_time\" content=\"2023-11-24T10:26:39+00:00\" \/>\n<meta name=\"twitter:card\" content=\"summary_large_image\" \/>\n<meta name=\"twitter:label1\" content=\"Dur\u00e9e de lecture estim\u00e9e\" \/>\n\t<meta name=\"twitter:data1\" content=\"1 minute\" \/>\n<script type=\"application\/ld+json\" class=\"yoast-schema-graph\">{\"@context\":\"https:\/\/schema.org\",\"@graph\":[{\"@type\":\"WebPage\",\"@id\":\"https:\/\/club-canin.ch\/index.php\/avances\/\",\"url\":\"https:\/\/club-canin.ch\/index.php\/avances\/\",\"name\":\"Avanc\u00e9s - CEC Tout&#039;\u00e0 Poils\",\"isPartOf\":{\"@id\":\"https:\/\/club-canin.ch\/#website\"},\"datePublished\":\"2019-11-26T22:00:58+00:00\",\"dateModified\":\"2023-11-24T10:26:39+00:00\",\"breadcrumb\":{\"@id\":\"https:\/\/club-canin.ch\/index.php\/avances\/#breadcrumb\"},\"inLanguage\":\"fr-FR\",\"potentialAction\":[{\"@type\":\"ReadAction\",\"target\":[\"https:\/\/club-canin.ch\/index.php\/avances\/\"]}]},{\"@type\":\"BreadcrumbList\",\"@id\":\"https:\/\/club-canin.ch\/index.php\/avances\/#breadcrumb\",\"itemListElement\":[{\"@type\":\"ListItem\",\"position\":1,\"name\":\"Accueil\",\"item\":\"https:\/\/club-canin.ch\/\"},{\"@type\":\"ListItem\",\"position\":2,\"name\":\"Avanc\u00e9s\"}]},{\"@type\":\"WebSite\",\"@id\":\"https:\/\/club-canin.ch\/#website\",\"url\":\"https:\/\/club-canin.ch\/\",\"name\":\"CEC Tout&#039;\u00e0 Poils\",\"description\":\"Club canin valaisan !\",\"publisher\":{\"@id\":\"https:\/\/club-canin.ch\/#organization\"},\"potentialAction\":[{\"@type\":\"SearchAction\",\"target\":{\"@type\":\"EntryPoint\",\"urlTemplate\":\"https:\/\/club-canin.ch\/?s={search_term_string}\"},\"query-input\":{\"@type\":\"PropertyValueSpecification\",\"valueRequired\":true,\"valueName\":\"search_term_string\"}}],\"inLanguage\":\"fr-FR\"},{\"@type\":\"Organization\",\"@id\":\"https:\/\/club-canin.ch\/#organization\",\"name\":\"Club canin Tout'\u00e0 Poils\",\"url\":\"https:\/\/club-canin.ch\/\",\"logo\":{\"@type\":\"ImageObject\",\"inLanguage\":\"fr-FR\",\"@id\":\"https:\/\/club-canin.ch\/#\/schema\/logo\/image\/\",\"url\":\"https:\/\/club-canin.ch\/wp-content\/uploads\/2022\/10\/logo-1200.png\",\"contentUrl\":\"https:\/\/club-canin.ch\/wp-content\/uploads\/2022\/10\/logo-1200.png\",\"width\":1200,\"height\":802,\"caption\":\"Club canin Tout'\u00e0 Poils\"},\"image\":{\"@id\":\"https:\/\/club-canin.ch\/#\/schema\/logo\/image\/\"},\"sameAs\":[\"https:\/\/www.facebook.com\/toutapoils\"]}]}<\/script>\n<!-- \/ Yoast SEO plugin. -->","yoast_head_json":{"title":"Avanc\u00e9s - CEC Tout&#039;\u00e0 Poils","robots":{"index":"index","follow":"follow","max-snippet":"max-snippet:-1","max-image-preview":"max-image-preview:large","max-video-preview":"max-video-preview:-1"},"canonical":"https:\/\/club-canin.ch\/index.php\/avances\/","og_locale":"fr_FR","og_type":"article","og_title":"Avanc\u00e9s - CEC Tout&#039;\u00e0 Poils","og_description":"Horaire Tous les dimanches de 10h30 \u00e0 11h15 Tarifs Descriptif Le cours &#8220;avanc\u00e9s&#8221; est ouvert \u00e0 tous les chiens qui poss\u00e8dent une bonne ob\u00e9issance de base (rappel, ordres de base) et s&#8217;entendent bien avec ses cong\u00e9n\u00e8res. Dans ce cours, les bases de l&#8217;\u00e9ducation sont approfondies de mani\u00e8re ludique et positive. La relation dans le couple&hellip;&nbsp;Lire la suite &raquo;Avanc\u00e9s","og_url":"https:\/\/club-canin.ch\/index.php\/avances\/","og_site_name":"CEC Tout&#039;\u00e0 Poils","article_publisher":"https:\/\/www.facebook.com\/toutapoils","article_modified_time":"2023-11-24T10:26:39+00:00","twitter_card":"summary_large_image","twitter_misc":{"Dur\u00e9e de lecture estim\u00e9e":"1 minute"},"schema":{"@context":"https:\/\/schema.org","@graph":[{"@type":"WebPage","@id":"https:\/\/club-canin.ch\/index.php\/avances\/","url":"https:\/\/club-canin.ch\/index.php\/avances\/","name":"Avanc\u00e9s - CEC Tout&#039;\u00e0 Poils","isPartOf":{"@id":"https:\/\/club-canin.ch\/#website"},"datePublished":"2019-11-26T22:00:58+00:00","dateModified":"2023-11-24T10:26:39+00:00","breadcrumb":{"@id":"https:\/\/club-canin.ch\/index.php\/avances\/#breadcrumb"},"inLanguage":"fr-FR","potentialAction":[{"@type":"ReadAction","target":["https:\/\/club-canin.ch\/index.php\/avances\/"]}]},{"@type":"BreadcrumbList","@id":"https:\/\/club-canin.ch\/index.php\/avances\/#breadcrumb","itemListElement":[{"@type":"ListItem","position":1,"name":"Accueil","item":"https:\/\/club-canin.ch\/"},{"@type":"ListItem","position":2,"name":"Avanc\u00e9s"}]},{"@type":"WebSite","@id":"https:\/\/club-canin.ch\/#website","url":"https:\/\/club-canin.ch\/","name":"CEC Tout&#039;\u00e0 Poils","description":"Club canin valaisan !","publisher":{"@id":"https:\/\/club-canin.ch\/#organization"},"potentialAction":[{"@type":"SearchAction","target":{"@type":"EntryPoint","urlTemplate":"https:\/\/club-canin.ch\/?s={search_term_string}"},"query-input":{"@type":"PropertyValueSpecification","valueRequired":true,"valueName":"search_term_string"}}],"inLanguage":"fr-FR"},{"@type":"Organization","@id":"https:\/\/club-canin.ch\/#organization","name":"Club canin Tout'\u00e0 Poils","url":"https:\/\/club-canin.ch\/","logo":{"@type":"ImageObject","inLanguage":"fr-FR","@id":"https:\/\/club-canin.ch\/#\/schema\/logo\/image\/","url":"https:\/\/club-canin.ch\/wp-content\/uploads\/2022\/10\/logo-1200.png","contentUrl":"https:\/\/club-canin.ch\/wp-content\/uploads\/2022\/10\/logo-1200.png","width":1200,"height":802,"caption":"Club canin Tout'\u00e0 Poils"},"image":{"@id":"https:\/\/club-canin.ch\/#\/schema\/logo\/image\/"},"sameAs":["https:\/\/www.facebook.com\/toutapoils"]}]}},"jetpack_sharing_enabled":true,"_links":{"self":[{"href":"https:\/\/club-canin.ch\/index.php\/wp-json\/wp\/v2\/pages\/40","targetHints":{"allow":["GET"]}}],"collection":[{"href":"https:\/\/club-canin.ch\/index.php\/wp-json\/wp\/v2\/pages"}],"about":[{"href":"https:\/\/club-canin.ch\/index.php\/wp-json\/wp\/v2\/types\/page"}],"author":[{"embeddable":true,"href":"https:\/\/club-canin.ch\/index.php\/wp-json\/wp\/v2\/users\/1"}],"replies":[{"embeddable":true,"href":"https:\/\/club-canin.ch\/index.php\/wp-json\/wp\/v2\/comments?post=40"}],"version-history":[{"count":1,"href":"https:\/\/club-canin.ch\/index.php\/wp-json\/wp\/v2\/pages\/40\/revisions"}],"predecessor-version":[{"id":5443,"href":"https:\/\/club-canin.ch\/index.php\/wp-json\/wp\/v2\/pages\/40\/revisions\/5443"}],"wp:attachment":[{"href":"https:\/\/club-canin.ch\/index.php\/wp-json\/wp\/v2\/media?parent=40"}],"curies":[{"name":"wp","href":"https:\/\/api.w.org\/{rel}","templated":true}]}}