{"id":36,"date":"2019-11-26T23:00:58","date_gmt":"2019-11-26T22:00:58","guid":{"rendered":"http:\/\/www.club-canin.ch\/?page_id=21"},"modified":"2026-02-04T10:36:11","modified_gmt":"2026-02-04T09:36:11","slug":"organisation","status":"publish","type":"page","link":"https:\/\/club-canin.ch\/index.php\/organisation\/","title":{"rendered":"Organisation"},"content":{"rendered":"\n<figure class=\"wp-block-table is-style-stripes\"><table><tbody><tr><td><strong>Comit\u00e9<\/strong><\/td><\/tr><tr><td>Pr\u00e9sident\u00b7e<\/td><td>Emery C\u00e9dine<\/td><\/tr><tr><td>Secr\u00e9taire \/ Caissier\u00b7\u00e8re<\/td><td>Besse Laetitia<\/td><\/tr><tr><td>Chef\u00b7fe technique<\/td><td>Lochmatter Doris<\/td><\/tr><\/tbody><\/table><\/figure>\n\n\n\n<figure class=\"wp-block-table is-style-stripes\"><table><tbody><tr><td><strong>Commission technique<\/strong><\/td><\/tr><tr><td>G\u00e9r\u00e9e par la cheffe technique et compos\u00e9e des moniteurs<\/td><\/tr><\/tbody><\/table><\/figure>\n\n\n\n<figure class=\"wp-block-table is-style-stripes\"><table><tbody><tr><td><strong>Divers<\/strong><\/td><\/tr><tr><td>Webmaster<\/td><td>Theler Samuel<\/td><\/tr><tr><td>Responsable mat\u00e9riel<\/td><td>Kuhener Marcel<\/td><\/tr><tr><td>Responsable terrain<\/td><td>Lochmatter Jean-Noel<\/td><\/tr><\/tbody><\/table><\/figure>\n","protected":false},"excerpt":{"rendered":"<p>Comit\u00e9 Pr\u00e9sident\u00b7e Emery C\u00e9dine Secr\u00e9taire \/ Caissier\u00b7\u00e8re Besse Laetitia Chef\u00b7fe technique Lochmatter Doris Commission technique G\u00e9r\u00e9e par la cheffe technique et compos\u00e9e des moniteurs Divers Webmaster Theler Samuel Responsable mat\u00e9riel Kuhener Marcel Responsable terrain Lochmatter Jean-Noel<\/p>\n","protected":false},"author":1,"featured_media":0,"parent":0,"menu_order":0,"comment_status":"closed","ping_status":"closed","template":"","meta":{"neve_meta_sidebar":"","neve_meta_container":"","neve_meta_enable_content_width":"","neve_meta_content_width":0,"neve_meta_title_alignment":"","neve_meta_author_avatar":"","neve_post_elements_order":"","neve_meta_disable_header":"","neve_meta_disable_footer":"","neve_meta_disable_title":"","footnotes":""},"class_list":["post-36","page","type-page","status-publish","hentry"],"yoast_head":"<!-- This site is optimized with the Yoast SEO plugin v23.4 - https:\/\/yoast.com\/wordpress\/plugins\/seo\/ -->\n<title>Organisation - CEC Tout&#039;\u00e0 Poils<\/title>\n<meta name=\"robots\" content=\"index, follow, max-snippet:-1, max-image-preview:large, max-video-preview:-1\" \/>\n<link rel=\"canonical\" href=\"https:\/\/club-canin.ch\/index.php\/organisation\/\" \/>\n<meta property=\"og:locale\" content=\"fr_FR\" \/>\n<meta property=\"og:type\" content=\"article\" \/>\n<meta property=\"og:title\" content=\"Organisation - CEC Tout&#039;\u00e0 Poils\" \/>\n<meta property=\"og:description\" content=\"Comit\u00e9 Pr\u00e9sident\u00b7e Emery C\u00e9dine Secr\u00e9taire \/ Caissier\u00b7\u00e8re Besse Laetitia Chef\u00b7fe technique Lochmatter Doris Commission technique G\u00e9r\u00e9e par la cheffe technique et compos\u00e9e des moniteurs Divers Webmaster Theler Samuel Responsable mat\u00e9riel Kuhener Marcel Responsable terrain Lochmatter Jean-Noel\" \/>\n<meta property=\"og:url\" content=\"https:\/\/club-canin.ch\/index.php\/organisation\/\" \/>\n<meta property=\"og:site_name\" content=\"CEC Tout&#039;\u00e0 Poils\" \/>\n<meta property=\"article:publisher\" content=\"https:\/\/www.facebook.com\/toutapoils\" \/>\n<meta property=\"article:modified_time\" content=\"2026-02-04T09:36:11+00:00\" \/>\n<meta name=\"twitter:card\" content=\"summary_large_image\" \/>\n<meta name=\"twitter:label1\" content=\"Dur\u00e9e de lecture estim\u00e9e\" \/>\n\t<meta name=\"twitter:data1\" content=\"1 minute\" \/>\n<script type=\"application\/ld+json\" class=\"yoast-schema-graph\">{\"@context\":\"https:\/\/schema.org\",\"@graph\":[{\"@type\":\"WebPage\",\"@id\":\"https:\/\/club-canin.ch\/index.php\/organisation\/\",\"url\":\"https:\/\/club-canin.ch\/index.php\/organisation\/\",\"name\":\"Organisation - CEC Tout&#039;\u00e0 Poils\",\"isPartOf\":{\"@id\":\"https:\/\/club-canin.ch\/#website\"},\"datePublished\":\"2019-11-26T22:00:58+00:00\",\"dateModified\":\"2026-02-04T09:36:11+00:00\",\"breadcrumb\":{\"@id\":\"https:\/\/club-canin.ch\/index.php\/organisation\/#breadcrumb\"},\"inLanguage\":\"fr-FR\",\"potentialAction\":[{\"@type\":\"ReadAction\",\"target\":[\"https:\/\/club-canin.ch\/index.php\/organisation\/\"]}]},{\"@type\":\"BreadcrumbList\",\"@id\":\"https:\/\/club-canin.ch\/index.php\/organisation\/#breadcrumb\",\"itemListElement\":[{\"@type\":\"ListItem\",\"position\":1,\"name\":\"Accueil\",\"item\":\"https:\/\/club-canin.ch\/\"},{\"@type\":\"ListItem\",\"position\":2,\"name\":\"Organisation\"}]},{\"@type\":\"WebSite\",\"@id\":\"https:\/\/club-canin.ch\/#website\",\"url\":\"https:\/\/club-canin.ch\/\",\"name\":\"CEC Tout&#039;\u00e0 Poils\",\"description\":\"Club canin valaisan !\",\"publisher\":{\"@id\":\"https:\/\/club-canin.ch\/#organization\"},\"potentialAction\":[{\"@type\":\"SearchAction\",\"target\":{\"@type\":\"EntryPoint\",\"urlTemplate\":\"https:\/\/club-canin.ch\/?s={search_term_string}\"},\"query-input\":{\"@type\":\"PropertyValueSpecification\",\"valueRequired\":true,\"valueName\":\"search_term_string\"}}],\"inLanguage\":\"fr-FR\"},{\"@type\":\"Organization\",\"@id\":\"https:\/\/club-canin.ch\/#organization\",\"name\":\"Club canin Tout'\u00e0 Poils\",\"url\":\"https:\/\/club-canin.ch\/\",\"logo\":{\"@type\":\"ImageObject\",\"inLanguage\":\"fr-FR\",\"@id\":\"https:\/\/club-canin.ch\/#\/schema\/logo\/image\/\",\"url\":\"https:\/\/club-canin.ch\/wp-content\/uploads\/2022\/10\/logo-1200.png\",\"contentUrl\":\"https:\/\/club-canin.ch\/wp-content\/uploads\/2022\/10\/logo-1200.png\",\"width\":1200,\"height\":802,\"caption\":\"Club canin Tout'\u00e0 Poils\"},\"image\":{\"@id\":\"https:\/\/club-canin.ch\/#\/schema\/logo\/image\/\"},\"sameAs\":[\"https:\/\/www.facebook.com\/toutapoils\"]}]}<\/script>\n<!-- \/ Yoast SEO plugin. -->","yoast_head_json":{"title":"Organisation - CEC Tout&#039;\u00e0 Poils","robots":{"index":"index","follow":"follow","max-snippet":"max-snippet:-1","max-image-preview":"max-image-preview:large","max-video-preview":"max-video-preview:-1"},"canonical":"https:\/\/club-canin.ch\/index.php\/organisation\/","og_locale":"fr_FR","og_type":"article","og_title":"Organisation - CEC Tout&#039;\u00e0 Poils","og_description":"Comit\u00e9 Pr\u00e9sident\u00b7e Emery C\u00e9dine Secr\u00e9taire \/ Caissier\u00b7\u00e8re Besse Laetitia Chef\u00b7fe technique Lochmatter Doris Commission technique G\u00e9r\u00e9e par la cheffe technique et compos\u00e9e des moniteurs Divers Webmaster Theler Samuel Responsable mat\u00e9riel Kuhener Marcel Responsable terrain Lochmatter Jean-Noel","og_url":"https:\/\/club-canin.ch\/index.php\/organisation\/","og_site_name":"CEC Tout&#039;\u00e0 Poils","article_publisher":"https:\/\/www.facebook.com\/toutapoils","article_modified_time":"2026-02-04T09:36:11+00:00","twitter_card":"summary_large_image","twitter_misc":{"Dur\u00e9e de lecture estim\u00e9e":"1 minute"},"schema":{"@context":"https:\/\/schema.org","@graph":[{"@type":"WebPage","@id":"https:\/\/club-canin.ch\/index.php\/organisation\/","url":"https:\/\/club-canin.ch\/index.php\/organisation\/","name":"Organisation - CEC Tout&#039;\u00e0 Poils","isPartOf":{"@id":"https:\/\/club-canin.ch\/#website"},"datePublished":"2019-11-26T22:00:58+00:00","dateModified":"2026-02-04T09:36:11+00:00","breadcrumb":{"@id":"https:\/\/club-canin.ch\/index.php\/organisation\/#breadcrumb"},"inLanguage":"fr-FR","potentialAction":[{"@type":"ReadAction","target":["https:\/\/club-canin.ch\/index.php\/organisation\/"]}]},{"@type":"BreadcrumbList","@id":"https:\/\/club-canin.ch\/index.php\/organisation\/#breadcrumb","itemListElement":[{"@type":"ListItem","position":1,"name":"Accueil","item":"https:\/\/club-canin.ch\/"},{"@type":"ListItem","position":2,"name":"Organisation"}]},{"@type":"WebSite","@id":"https:\/\/club-canin.ch\/#website","url":"https:\/\/club-canin.ch\/","name":"CEC Tout&#039;\u00e0 Poils","description":"Club canin valaisan !","publisher":{"@id":"https:\/\/club-canin.ch\/#organization"},"potentialAction":[{"@type":"SearchAction","target":{"@type":"EntryPoint","urlTemplate":"https:\/\/club-canin.ch\/?s={search_term_string}"},"query-input":{"@type":"PropertyValueSpecification","valueRequired":true,"valueName":"search_term_string"}}],"inLanguage":"fr-FR"},{"@type":"Organization","@id":"https:\/\/club-canin.ch\/#organization","name":"Club canin Tout'\u00e0 Poils","url":"https:\/\/club-canin.ch\/","logo":{"@type":"ImageObject","inLanguage":"fr-FR","@id":"https:\/\/club-canin.ch\/#\/schema\/logo\/image\/","url":"https:\/\/club-canin.ch\/wp-content\/uploads\/2022\/10\/logo-1200.png","contentUrl":"https:\/\/club-canin.ch\/wp-content\/uploads\/2022\/10\/logo-1200.png","width":1200,"height":802,"caption":"Club canin Tout'\u00e0 Poils"},"image":{"@id":"https:\/\/club-canin.ch\/#\/schema\/logo\/image\/"},"sameAs":["https:\/\/www.facebook.com\/toutapoils"]}]}},"jetpack_sharing_enabled":true,"_links":{"self":[{"href":"https:\/\/club-canin.ch\/index.php\/wp-json\/wp\/v2\/pages\/36","targetHints":{"allow":["GET"]}}],"collection":[{"href":"https:\/\/club-canin.ch\/index.php\/wp-json\/wp\/v2\/pages"}],"about":[{"href":"https:\/\/club-canin.ch\/index.php\/wp-json\/wp\/v2\/types\/page"}],"author":[{"embeddable":true,"href":"https:\/\/club-canin.ch\/index.php\/wp-json\/wp\/v2\/users\/1"}],"replies":[{"embeddable":true,"href":"https:\/\/club-canin.ch\/index.php\/wp-json\/wp\/v2\/comments?post=36"}],"version-history":[{"count":2,"href":"https:\/\/club-canin.ch\/index.php\/wp-json\/wp\/v2\/pages\/36\/revisions"}],"predecessor-version":[{"id":6469,"href":"https:\/\/club-canin.ch\/index.php\/wp-json\/wp\/v2\/pages\/36\/revisions\/6469"}],"wp:attachment":[{"href":"https:\/\/club-canin.ch\/index.php\/wp-json\/wp\/v2\/media?parent=36"}],"curies":[{"name":"wp","href":"https:\/\/api.w.org\/{rel}","templated":true}]}}