{"id":239,"date":"2020-01-01T19:16:13","date_gmt":"2020-01-01T18:16:13","guid":{"rendered":"http:\/\/www.club-canin.ch\/?page_id=239"},"modified":"2023-03-28T10:05:40","modified_gmt":"2023-03-28T08:05:40","slug":"rallye-de-paques","status":"publish","type":"page","link":"https:\/\/club-canin.ch\/index.php\/rallye-de-paques\/","title":{"rendered":"Rallye de P\u00e2ques (chasse aux oeufs)"},"content":{"rendered":"\n<p><strong>Description<\/strong><\/p>\n\n\n\n<p>Il s&#8217;agit d&#8217;une balade fl\u00e9ch\u00e9e avec votre chien (env. 1h00). Sur le trajet vous trouverez divers postes autour desquels des oeufs seront cach\u00e9s. Id\u00e9al pour une sortie dominicale avec vos enfants. Le tout suivi par un go\u00fbter sur notre terrain du Club.<\/p>\n\n\n\n<p><strong>Date<\/strong><\/p>\n\n\n\n<p>2 avril 2023<\/p>\n\n\n\n<p><strong>Horaires<\/strong><\/p>\n\n\n\n<p>D\u00e9part entre 13h30 et 14h00<\/p>\n\n\n\n<p><strong>Prix<\/strong><\/p>\n\n\n\n<p>Recherche d&#8217;oeuf + go\u00fbter : 10.- \/personne<br>Go\u00fbter uniquement : 5.- \/personne<\/p>\n\n\n\n<p><strong>Lieu<\/strong><\/p>\n\n\n\n<p>Au terrain du Club (Av. des Vergers 70, 1963 V\u00e9troz)<\/p>\n\n\n\n<p><strong>Inscriptions<\/strong><\/p>\n\n\n\n<div class=\"wp-block-contact-form-7-contact-form-selector\"><p class=\"wpcf7-contact-form-not-found\"><strong>Erreur\u00a0:<\/strong> Formulaire de contact non trouv\u00e9\u00a0!<\/p><\/div>\n\n\n\n<p>Inscriptions termin\u00e9es<\/p>\n","protected":false},"excerpt":{"rendered":"<p>Description Il s&#8217;agit d&#8217;une balade fl\u00e9ch\u00e9e avec votre chien (env. 1h00). Sur le trajet vous trouverez divers postes autour desquels des oeufs seront cach\u00e9s. Id\u00e9al pour une sortie dominicale avec vos enfants. Le tout suivi par un go\u00fbter sur notre terrain du Club. Date 2 avril 2023 Horaires D\u00e9part entre 13h30 et 14h00 Prix Recherche&hellip;&nbsp;<a href=\"https:\/\/club-canin.ch\/index.php\/rallye-de-paques\/\" class=\"\" rel=\"bookmark\">Lire la suite &raquo;<span class=\"screen-reader-text\">Rallye de P\u00e2ques (chasse aux oeufs)<\/span><\/a><\/p>\n","protected":false},"author":1,"featured_media":0,"parent":0,"menu_order":0,"comment_status":"closed","ping_status":"closed","template":"","meta":{"neve_meta_sidebar":"","neve_meta_container":"","neve_meta_enable_content_width":"","neve_meta_content_width":0,"neve_meta_title_alignment":"","neve_meta_author_avatar":"","neve_post_elements_order":"","neve_meta_disable_header":"","neve_meta_disable_footer":"","neve_meta_disable_title":"","footnotes":""},"class_list":["post-239","page","type-page","status-publish","hentry"],"yoast_head":"<!-- This site is optimized with the Yoast SEO plugin v23.4 - https:\/\/yoast.com\/wordpress\/plugins\/seo\/ -->\n<title>Rallye de P\u00e2ques (chasse aux oeufs) - CEC Tout&#039;\u00e0 Poils<\/title>\n<meta name=\"robots\" content=\"index, follow, max-snippet:-1, max-image-preview:large, max-video-preview:-1\" \/>\n<link rel=\"canonical\" href=\"https:\/\/club-canin.ch\/index.php\/rallye-de-paques\/\" \/>\n<meta property=\"og:locale\" content=\"fr_FR\" \/>\n<meta property=\"og:type\" content=\"article\" \/>\n<meta property=\"og:title\" content=\"Rallye de P\u00e2ques (chasse aux oeufs) - CEC Tout&#039;\u00e0 Poils\" \/>\n<meta property=\"og:description\" content=\"Description Il s&#8217;agit d&#8217;une balade fl\u00e9ch\u00e9e avec votre chien (env. 1h00). Sur le trajet vous trouverez divers postes autour desquels des oeufs seront cach\u00e9s. Id\u00e9al pour une sortie dominicale avec vos enfants. Le tout suivi par un go\u00fbter sur notre terrain du Club. Date 2 avril 2023 Horaires D\u00e9part entre 13h30 et 14h00 Prix Recherche&hellip;&nbsp;Lire la suite &raquo;Rallye de P\u00e2ques (chasse aux oeufs)\" \/>\n<meta property=\"og:url\" content=\"https:\/\/club-canin.ch\/index.php\/rallye-de-paques\/\" \/>\n<meta property=\"og:site_name\" content=\"CEC Tout&#039;\u00e0 Poils\" \/>\n<meta property=\"article:publisher\" content=\"https:\/\/www.facebook.com\/toutapoils\" \/>\n<meta property=\"article:modified_time\" content=\"2023-03-28T08:05:40+00:00\" \/>\n<meta name=\"twitter:card\" content=\"summary_large_image\" \/>\n<meta name=\"twitter:label1\" content=\"Dur\u00e9e de lecture estim\u00e9e\" \/>\n\t<meta name=\"twitter:data1\" content=\"1 minute\" \/>\n<script type=\"application\/ld+json\" class=\"yoast-schema-graph\">{\"@context\":\"https:\/\/schema.org\",\"@graph\":[{\"@type\":\"WebPage\",\"@id\":\"https:\/\/club-canin.ch\/index.php\/rallye-de-paques\/\",\"url\":\"https:\/\/club-canin.ch\/index.php\/rallye-de-paques\/\",\"name\":\"Rallye de P\u00e2ques (chasse aux oeufs) - CEC Tout&#039;\u00e0 Poils\",\"isPartOf\":{\"@id\":\"https:\/\/club-canin.ch\/#website\"},\"datePublished\":\"2020-01-01T18:16:13+00:00\",\"dateModified\":\"2023-03-28T08:05:40+00:00\",\"breadcrumb\":{\"@id\":\"https:\/\/club-canin.ch\/index.php\/rallye-de-paques\/#breadcrumb\"},\"inLanguage\":\"fr-FR\",\"potentialAction\":[{\"@type\":\"ReadAction\",\"target\":[\"https:\/\/club-canin.ch\/index.php\/rallye-de-paques\/\"]}]},{\"@type\":\"BreadcrumbList\",\"@id\":\"https:\/\/club-canin.ch\/index.php\/rallye-de-paques\/#breadcrumb\",\"itemListElement\":[{\"@type\":\"ListItem\",\"position\":1,\"name\":\"Accueil\",\"item\":\"https:\/\/club-canin.ch\/\"},{\"@type\":\"ListItem\",\"position\":2,\"name\":\"Rallye de P\u00e2ques (chasse aux oeufs)\"}]},{\"@type\":\"WebSite\",\"@id\":\"https:\/\/club-canin.ch\/#website\",\"url\":\"https:\/\/club-canin.ch\/\",\"name\":\"CEC Tout&#039;\u00e0 Poils\",\"description\":\"Club canin valaisan !\",\"publisher\":{\"@id\":\"https:\/\/club-canin.ch\/#organization\"},\"potentialAction\":[{\"@type\":\"SearchAction\",\"target\":{\"@type\":\"EntryPoint\",\"urlTemplate\":\"https:\/\/club-canin.ch\/?s={search_term_string}\"},\"query-input\":{\"@type\":\"PropertyValueSpecification\",\"valueRequired\":true,\"valueName\":\"search_term_string\"}}],\"inLanguage\":\"fr-FR\"},{\"@type\":\"Organization\",\"@id\":\"https:\/\/club-canin.ch\/#organization\",\"name\":\"Club canin Tout'\u00e0 Poils\",\"url\":\"https:\/\/club-canin.ch\/\",\"logo\":{\"@type\":\"ImageObject\",\"inLanguage\":\"fr-FR\",\"@id\":\"https:\/\/club-canin.ch\/#\/schema\/logo\/image\/\",\"url\":\"https:\/\/club-canin.ch\/wp-content\/uploads\/2022\/10\/logo-1200.png\",\"contentUrl\":\"https:\/\/club-canin.ch\/wp-content\/uploads\/2022\/10\/logo-1200.png\",\"width\":1200,\"height\":802,\"caption\":\"Club canin Tout'\u00e0 Poils\"},\"image\":{\"@id\":\"https:\/\/club-canin.ch\/#\/schema\/logo\/image\/\"},\"sameAs\":[\"https:\/\/www.facebook.com\/toutapoils\"]}]}<\/script>\n<!-- \/ Yoast SEO plugin. -->","yoast_head_json":{"title":"Rallye de P\u00e2ques (chasse aux oeufs) - CEC Tout&#039;\u00e0 Poils","robots":{"index":"index","follow":"follow","max-snippet":"max-snippet:-1","max-image-preview":"max-image-preview:large","max-video-preview":"max-video-preview:-1"},"canonical":"https:\/\/club-canin.ch\/index.php\/rallye-de-paques\/","og_locale":"fr_FR","og_type":"article","og_title":"Rallye de P\u00e2ques (chasse aux oeufs) - CEC Tout&#039;\u00e0 Poils","og_description":"Description Il s&#8217;agit d&#8217;une balade fl\u00e9ch\u00e9e avec votre chien (env. 1h00). Sur le trajet vous trouverez divers postes autour desquels des oeufs seront cach\u00e9s. Id\u00e9al pour une sortie dominicale avec vos enfants. Le tout suivi par un go\u00fbter sur notre terrain du Club. Date 2 avril 2023 Horaires D\u00e9part entre 13h30 et 14h00 Prix Recherche&hellip;&nbsp;Lire la suite &raquo;Rallye de P\u00e2ques (chasse aux oeufs)","og_url":"https:\/\/club-canin.ch\/index.php\/rallye-de-paques\/","og_site_name":"CEC Tout&#039;\u00e0 Poils","article_publisher":"https:\/\/www.facebook.com\/toutapoils","article_modified_time":"2023-03-28T08:05:40+00:00","twitter_card":"summary_large_image","twitter_misc":{"Dur\u00e9e de lecture estim\u00e9e":"1 minute"},"schema":{"@context":"https:\/\/schema.org","@graph":[{"@type":"WebPage","@id":"https:\/\/club-canin.ch\/index.php\/rallye-de-paques\/","url":"https:\/\/club-canin.ch\/index.php\/rallye-de-paques\/","name":"Rallye de P\u00e2ques (chasse aux oeufs) - CEC Tout&#039;\u00e0 Poils","isPartOf":{"@id":"https:\/\/club-canin.ch\/#website"},"datePublished":"2020-01-01T18:16:13+00:00","dateModified":"2023-03-28T08:05:40+00:00","breadcrumb":{"@id":"https:\/\/club-canin.ch\/index.php\/rallye-de-paques\/#breadcrumb"},"inLanguage":"fr-FR","potentialAction":[{"@type":"ReadAction","target":["https:\/\/club-canin.ch\/index.php\/rallye-de-paques\/"]}]},{"@type":"BreadcrumbList","@id":"https:\/\/club-canin.ch\/index.php\/rallye-de-paques\/#breadcrumb","itemListElement":[{"@type":"ListItem","position":1,"name":"Accueil","item":"https:\/\/club-canin.ch\/"},{"@type":"ListItem","position":2,"name":"Rallye de P\u00e2ques (chasse aux oeufs)"}]},{"@type":"WebSite","@id":"https:\/\/club-canin.ch\/#website","url":"https:\/\/club-canin.ch\/","name":"CEC Tout&#039;\u00e0 Poils","description":"Club canin valaisan !","publisher":{"@id":"https:\/\/club-canin.ch\/#organization"},"potentialAction":[{"@type":"SearchAction","target":{"@type":"EntryPoint","urlTemplate":"https:\/\/club-canin.ch\/?s={search_term_string}"},"query-input":{"@type":"PropertyValueSpecification","valueRequired":true,"valueName":"search_term_string"}}],"inLanguage":"fr-FR"},{"@type":"Organization","@id":"https:\/\/club-canin.ch\/#organization","name":"Club canin Tout'\u00e0 Poils","url":"https:\/\/club-canin.ch\/","logo":{"@type":"ImageObject","inLanguage":"fr-FR","@id":"https:\/\/club-canin.ch\/#\/schema\/logo\/image\/","url":"https:\/\/club-canin.ch\/wp-content\/uploads\/2022\/10\/logo-1200.png","contentUrl":"https:\/\/club-canin.ch\/wp-content\/uploads\/2022\/10\/logo-1200.png","width":1200,"height":802,"caption":"Club canin Tout'\u00e0 Poils"},"image":{"@id":"https:\/\/club-canin.ch\/#\/schema\/logo\/image\/"},"sameAs":["https:\/\/www.facebook.com\/toutapoils"]}]}},"jetpack_sharing_enabled":true,"_links":{"self":[{"href":"https:\/\/club-canin.ch\/index.php\/wp-json\/wp\/v2\/pages\/239","targetHints":{"allow":["GET"]}}],"collection":[{"href":"https:\/\/club-canin.ch\/index.php\/wp-json\/wp\/v2\/pages"}],"about":[{"href":"https:\/\/club-canin.ch\/index.php\/wp-json\/wp\/v2\/types\/page"}],"author":[{"embeddable":true,"href":"https:\/\/club-canin.ch\/index.php\/wp-json\/wp\/v2\/users\/1"}],"replies":[{"embeddable":true,"href":"https:\/\/club-canin.ch\/index.php\/wp-json\/wp\/v2\/comments?post=239"}],"version-history":[{"count":3,"href":"https:\/\/club-canin.ch\/index.php\/wp-json\/wp\/v2\/pages\/239\/revisions"}],"predecessor-version":[{"id":5076,"href":"https:\/\/club-canin.ch\/index.php\/wp-json\/wp\/v2\/pages\/239\/revisions\/5076"}],"wp:attachment":[{"href":"https:\/\/club-canin.ch\/index.php\/wp-json\/wp\/v2\/media?parent=239"}],"curies":[{"name":"wp","href":"https:\/\/api.w.org\/{rel}","templated":true}]}}